{"id":2109,"date":"2022-12-13T17:58:07","date_gmt":"2022-12-13T09:58:07","guid":{"rendered":"https:\/\/rysilicone.com\/?post_type=product&#038;p=2109"},"modified":"2023-04-03T11:14:45","modified_gmt":"2023-04-03T03:14:45","slug":"custom-silicone-bibs-baby","status":"publish","type":"product","link":"https:\/\/rysilicone.com\/da\/product\/custom-silicone-bibs-baby\/","title":{"rendered":"Brugerdefinerede silikone hagesm\u00e6kke baby"},"content":{"rendered":"<p>Den s\u00f8de pufferfisk-form g\u00f8r, at babyer elsker at b\u00e6re den mere. 3D-designet forst\u00f8rrer netlommen for nemt at fange tabt mad. 100% f\u00f8devaregodkendt silikone er sikker og harml\u00f8s for babyer. Det bl\u00f8de h\u00e5ndtag g\u00f8r det nemt at opbevare og b\u00e6re. Let at reng\u00f8re og kan steriliseres ved h\u00f8j temperatur.<\/p>","protected":false},"excerpt":{"rendered":"<ul>\n<li>Personlige designs<\/li>\n<li>Komfortabel pasform<\/li>\n<li>Hudvenligt materiale<\/li>\n<li>Nem at reng\u00f8re<\/li>\n<\/ul>","protected":false},"featured_media":2110,"template":"","meta":[],"product_brand":[],"product_cat":[29],"product_tag":[221],"class_list":{"0":"post-2109","1":"product","2":"type-product","3":"status-publish","4":"has-post-thumbnail","6":"product_cat-silicone-baby-bib","7":"product_tag-custom-silicone-bibs-baby","9":"first","10":"instock","11":"shipping-taxable","12":"product-type-simple"},"_links":{"self":[{"href":"https:\/\/rysilicone.com\/da\/wp-json\/wp\/v2\/product\/2109","targetHints":{"allow":["GET"]}}],"collection":[{"href":"https:\/\/rysilicone.com\/da\/wp-json\/wp\/v2\/product"}],"about":[{"href":"https:\/\/rysilicone.com\/da\/wp-json\/wp\/v2\/types\/product"}],"version-history":[{"count":0,"href":"https:\/\/rysilicone.com\/da\/wp-json\/wp\/v2\/product\/2109\/revisions"}],"wp:featuredmedia":[{"embeddable":true,"href":"https:\/\/rysilicone.com\/da\/wp-json\/wp\/v2\/media\/2110"}],"wp:attachment":[{"href":"https:\/\/rysilicone.com\/da\/wp-json\/wp\/v2\/media?parent=2109"}],"wp:term":[{"taxonomy":"product_brand","embeddable":true,"href":"https:\/\/rysilicone.com\/da\/wp-json\/wp\/v2\/product_brand?post=2109"},{"taxonomy":"product_cat","embeddable":true,"href":"https:\/\/rysilicone.com\/da\/wp-json\/wp\/v2\/product_cat?post=2109"},{"taxonomy":"product_tag","embeddable":true,"href":"https:\/\/rysilicone.com\/da\/wp-json\/wp\/v2\/product_tag?post=2109"}],"curies":[{"name":"wp","href":"https:\/\/api.w.org\/{rel}","templated":true}]}}