{"id":158,"date":"2022-11-08T10:01:20","date_gmt":"2022-11-08T02:01:20","guid":{"rendered":"https:\/\/rysilicone.com\/?page_id=158"},"modified":"2023-06-06T19:01:16","modified_gmt":"2023-06-06T11:01:16","slug":"case-studies","status":"publish","type":"page","link":"https:\/\/rysilicone.com\/de\/case-studies\/","title":{"rendered":"Fallstudien"},"content":{"rendered":"<div data-elementor-type=\"wp-page\" data-elementor-id=\"158\" class=\"elementor elementor-158\" data-elementor-post-type=\"page\">\n\t\t\t\t\t\t<section class=\"elementor-section elementor-top-section elementor-element elementor-element-6f566049 elementor-section-boxed elementor-section-height-default elementor-section-height-default\" data-id=\"6f566049\" data-element_type=\"section\" data-e-type=\"section\" data-settings=\"{&quot;background_background&quot;:&quot;classic&quot;}\">\n\t\t\t\t\t\t\t<div class=\"elementor-background-overlay\"><\/div>\n\t\t\t\t\t\t\t<div class=\"elementor-container elementor-column-gap-default\">\n\t\t\t\t\t<div class=\"elementor-column elementor-col-100 elementor-top-column elementor-element elementor-element-4638d840\" data-id=\"4638d840\" data-element_type=\"column\" data-e-type=\"column\">\n\t\t\t<div class=\"elementor-widget-wrap elementor-element-populated\">\n\t\t\t\t\t\t<div class=\"elementor-element elementor-element-76078147 elementor-widget elementor-widget-heading\" data-id=\"76078147\" data-element_type=\"widget\" data-e-type=\"widget\" data-widget_type=\"heading.default\">\n\t\t\t\t<div class=\"elementor-widget-container\">\n\t\t\t\t\t<h1 class=\"elementor-heading-title elementor-size-default\">Wir machen den Unterschied f\u00fcr unsere Kunden<\/h1>\t\t\t\t<\/div>\n\t\t\t\t<\/div>\n\t\t\t\t<div class=\"elementor-element elementor-element-24550815 elementor-widget elementor-widget-woocommerce-breadcrumb\" data-id=\"24550815\" data-element_type=\"widget\" data-e-type=\"widget\" data-widget_type=\"woocommerce-breadcrumb.default\">\n\t\t\t\t<div class=\"elementor-widget-container\">\n\t\t\t\t\t<nav class=\"woocommerce-breadcrumb\" aria-label=\"Breadcrumb\" data-no-translation=\"\" data-trp-gettext=\"\">Startseite<\/nav>\t\t\t\t<\/div>\n\t\t\t\t<\/div>\n\t\t\t\t\t<\/div>\n\t\t<\/div>\n\t\t\t\t\t<\/div>\n\t\t<\/section>\n\t\t\t\t<section class=\"elementor-section elementor-top-section elementor-element elementor-element-d57698a elementor-section-boxed elementor-section-height-default elementor-section-height-default\" data-id=\"d57698a\" data-element_type=\"section\" data-e-type=\"section\">\n\t\t\t\t\t\t<div class=\"elementor-container elementor-column-gap-default\">\n\t\t\t\t\t<div class=\"elementor-column elementor-col-50 elementor-top-column elementor-element elementor-element-52ef675\" data-id=\"52ef675\" data-element_type=\"column\" data-e-type=\"column\">\n\t\t\t<div class=\"elementor-widget-wrap elementor-element-populated\">\n\t\t\t\t\t\t<div class=\"elementor-element elementor-element-6bfd437 elementor-widget elementor-widget-heading\" data-id=\"6bfd437\" data-element_type=\"widget\" data-e-type=\"widget\" data-widget_type=\"heading.default\">\n\t\t\t\t<div class=\"elementor-widget-container\">\n\t\t\t\t\t<h2 class=\"elementor-heading-title elementor-size-default\">Erfolgreiche Fallstudien<\/h2>\t\t\t\t<\/div>\n\t\t\t\t<\/div>\n\t\t\t\t\t<\/div>\n\t\t<\/div>\n\t\t\t\t<div class=\"elementor-column elementor-col-50 elementor-top-column elementor-element elementor-element-8a9dfc8\" data-id=\"8a9dfc8\" data-element_type=\"column\" data-e-type=\"column\">\n\t\t\t<div class=\"elementor-widget-wrap elementor-element-populated\">\n\t\t\t\t\t\t<div class=\"elementor-element elementor-element-3215254 elementor-widget elementor-widget-image\" data-id=\"3215254\" data-element_type=\"widget\" data-e-type=\"widget\" data-widget_type=\"image.default\">\n\t\t\t\t<div class=\"elementor-widget-container\">\n\t\t\t\t\t\t\t\t\t\t\t\t\t\t\t<img fetchpriority=\"high\" decoding=\"async\" width=\"800\" height=\"534\" src=\"https:\/\/rysilicone.com\/wp-content\/uploads\/2023\/03\/Cooperation.jpg\" class=\"attachment-large size-large wp-image-4024\" alt=\"\" srcset=\"https:\/\/rysilicone.com\/wp-content\/uploads\/2023\/03\/Cooperation.jpg 800w, https:\/\/rysilicone.com\/wp-content\/uploads\/2023\/03\/Cooperation-300x200.jpg 300w, https:\/\/rysilicone.com\/wp-content\/uploads\/2023\/03\/Cooperation-768x513.jpg 768w, https:\/\/rysilicone.com\/wp-content\/uploads\/2023\/03\/Cooperation-600x401.jpg 600w\" sizes=\"(max-width: 800px) 100vw, 800px\">\t\t\t\t\t\t\t\t\t\t\t\t\t\t\t<\/div>\n\t\t\t\t<\/div>\n\t\t\t\t\t<\/div>\n\t\t<\/div>\n\t\t\t\t\t<\/div>\n\t\t<\/section>\n\t\t\t\t<section class=\"elementor-section elementor-top-section elementor-element elementor-element-8f99476 elementor-section-boxed elementor-section-height-default elementor-section-height-default\" data-id=\"8f99476\" data-element_type=\"section\" data-e-type=\"section\">\n\t\t\t\t\t\t<div class=\"elementor-container elementor-column-gap-default\">\n\t\t\t\t\t<div class=\"elementor-column elementor-col-100 elementor-top-column elementor-element elementor-element-69ac8ca\" data-id=\"69ac8ca\" data-element_type=\"column\" data-e-type=\"column\">\n\t\t\t<div class=\"elementor-widget-wrap elementor-element-populated\">\n\t\t\t\t\t\t<div class=\"elementor-element elementor-element-c18fb75 elementor-widget elementor-widget-text-editor\" data-id=\"c18fb75\" data-element_type=\"widget\" data-e-type=\"widget\" data-widget_type=\"text-editor.default\">\n\t\t\t\t<div class=\"elementor-widget-container\">\n\t\t\t\t\t\t\t\t\t<p>Als professioneller Hersteller von Silikonprodukten beschr\u00e4nkt sich Ruiyang nicht nur auf die theoretische Ebene, sondern verf\u00fcgt auch \u00fcber eine F\u00fclle erfolgreicher Fallstudien zu Kundenauftr\u00e4gen. Mit der Erlaubnis des Kunden und unter Wahrung seiner Privatsph\u00e4re k\u00f6nnen wir einige dieser F\u00e4lle auf unserer Website zu Ihrer Information pr\u00e4sentieren.<\/p><p>Diese Fallstudien dienen als Beispiele f\u00fcr unser Engagement, qualitativ hochwertige Produkte und au\u00dfergew\u00f6hnlichen Kundenservice zu liefern. Sie demonstrieren auch unser technisches Know-how und unsere F\u00e4higkeit, ma\u00dfgeschneiderte L\u00f6sungen bereitzustellen, die den individuellen Anforderungen unserer Kunden gerecht werden.<\/p><p>Bei Ruiyang sch\u00e4tzen wir das Vertrauen unserer Kunden und streben danach, ihre Erwartungen in jedem Aspekt unseres Gesch\u00e4fts zu \u00fcbertreffen. Wir glauben, dass diese Fallstudien ein Beweis f\u00fcr unser Engagement f\u00fcr die Kundenzufriedenheit und unsere F\u00e4higkeit sind, konsequent Ergebnisse zu liefern.<\/p><p>Ob es darum geht, ein neues Produkt zu entwerfen, ein bestehendes zu verbessern oder eine L\u00f6sung f\u00fcr ein komplexes Problem zu finden, wir gehen jedes Projekt mit einer kundenorientierten Denkweise und einem Fokus auf Spitzenleistung an. Wir glauben, dass unser Erfolg eng mit dem Erfolg unserer Kunden verbunden ist, und wir sind bestrebt, ihnen dabei zu helfen, ihre Ziele zu erreichen.<\/p><p>Wir laden Sie ein, unsere Website zu erkunden und mehr \u00fcber unser Unternehmen und unsere F\u00e4higkeiten zu erfahren. Wenn Sie Fragen oder Anfragen haben, z\u00f6gern Sie bitte nicht, uns zu kontaktieren. Wir freuen uns auf die Gelegenheit, mit Ihnen zusammenzuarbeiten und unser Fachwissen und unsere Professionalit\u00e4t in der Silikonproduktherstellungsbranche unter Beweis zu stellen.<\/p>\t\t\t\t\t\t\t\t<\/div>\n\t\t\t\t<\/div>\n\t\t\t\t\t<\/div>\n\t\t<\/div>\n\t\t\t\t\t<\/div>\n\t\t<\/section>\n\t\t\t\t<section class=\"elementor-section elementor-top-section elementor-element elementor-element-ddc830a elementor-section-boxed elementor-section-height-default elementor-section-height-default\" data-id=\"ddc830a\" data-element_type=\"section\" data-e-type=\"section\">\n\t\t\t\t\t\t<div class=\"elementor-container elementor-column-gap-default\">\n\t\t\t\t\t<div class=\"elementor-column elementor-col-100 elementor-top-column elementor-element elementor-element-2422413\" data-id=\"2422413\" data-element_type=\"column\" data-e-type=\"column\">\n\t\t\t<div class=\"elementor-widget-wrap elementor-element-populated\">\n\t\t\t\t\t\t<div class=\"elementor-element elementor-element-d97d24c elementor-posts--align-center elementor-grid-2 elementor-grid-tablet-2 elementor-grid-mobile-1 elementor-posts--thumbnail-top elementor-card-shadow-yes elementor-posts__hover-gradient elementor-widget elementor-widget-posts\" data-id=\"d97d24c\" data-element_type=\"widget\" data-e-type=\"widget\" data-settings=\"{&quot;cards_columns&quot;:&quot;2&quot;,&quot;cards_columns_tablet&quot;:&quot;2&quot;,&quot;cards_columns_mobile&quot;:&quot;1&quot;,&quot;cards_row_gap&quot;:{&quot;unit&quot;:&quot;px&quot;,&quot;size&quot;:35,&quot;sizes&quot;:[]},&quot;cards_row_gap_tablet&quot;:{&quot;unit&quot;:&quot;px&quot;,&quot;size&quot;:&quot;&quot;,&quot;sizes&quot;:[]},&quot;cards_row_gap_mobile&quot;:{&quot;unit&quot;:&quot;px&quot;,&quot;size&quot;:&quot;&quot;,&quot;sizes&quot;:[]}}\" data-widget_type=\"posts.cards\">\n\t\t\t\t<div class=\"elementor-widget-container\">\n\t\t\t\t\t\t\t<div class=\"elementor-posts-container elementor-posts elementor-posts--skin-cards elementor-grid\" role=\"list\">\n\t\t\t\t<article class=\"elementor-post elementor-grid-item post-4029 post type-post status-publish format-standard has-post-thumbnail hentry category-cases\" role=\"listitem\">\n\t\t\t<div class=\"elementor-post__card\">\n\t\t\t\t<a class=\"elementor-post__thumbnail__link\" href=\"https:\/\/rysilicone.com\/de\/amazon-seller-order\/\" tabindex=\"-1\" target=\"_blank\"><div class=\"elementor-post__thumbnail\"><img decoding=\"async\" width=\"800\" height=\"500\" src=\"https:\/\/rysilicone.com\/wp-content\/uploads\/2023\/03\/The-Black-Friday-Rush-How-Ruiyang-Came-Through-in-the-Clutch.jpg\" class=\"attachment-large size-large wp-image-4030\" alt=\"\" srcset=\"https:\/\/rysilicone.com\/wp-content\/uploads\/2023\/03\/The-Black-Friday-Rush-How-Ruiyang-Came-Through-in-the-Clutch.jpg 800w, https:\/\/rysilicone.com\/wp-content\/uploads\/2023\/03\/The-Black-Friday-Rush-How-Ruiyang-Came-Through-in-the-Clutch-300x188.jpg 300w, https:\/\/rysilicone.com\/wp-content\/uploads\/2023\/03\/The-Black-Friday-Rush-How-Ruiyang-Came-Through-in-the-Clutch-768x480.jpg 768w, https:\/\/rysilicone.com\/wp-content\/uploads\/2023\/03\/The-Black-Friday-Rush-How-Ruiyang-Came-Through-in-the-Clutch-600x375.jpg 600w\" sizes=\"(max-width: 800px) 100vw, 800px\"><\/div><\/a>\n\t\t\t\t<div class=\"elementor-post__text\">\n\t\t\t\t<h3 class=\"elementor-post__title\">\n\t\t\t<a href=\"https:\/\/rysilicone.com\/de\/amazon-seller-order\/\" target=\"&quot;_blank&quot;\">\n\t\t\t\tDer Black Friday-Ansturm: Wie Ruiyang die entscheidende Phase \u00fcberstand\t\t\t<\/a>\n\t\t<\/h3>\n\t\t\t\t<div class=\"elementor-post__excerpt\">\n\t\t\t<p>Ich bin stolz darauf, f\u00fcr Ruiyang zu arbeiten, einen professionellen Hersteller von Silikonprodukten in China. Vor kurzem erhielten wir eine dringende Anfrage von einem Kunden, der Silikonformen auf Amazon verkaufte. Er ben\u00f6tigte eine riesige Bestellung von 100.000 Silikonformen, die rechtzeitig zum Black Friday schnell in sein Amazon-Lager geliefert werden mussten.<\/p>\n\t\t<\/div>\n\t\t\t\t\t<div class=\"elementor-post__read-more-wrapper\">\n\t\t\n\t\t<a class=\"elementor-post__read-more\" href=\"https:\/\/rysilicone.com\/de\/amazon-seller-order\/\" aria-label=\"Mehr zum Black Friday-Ansturm: Wie Ruiyang in der entscheidenden Phase den Sieg errang\" tabindex=\"-1\" target=\"_blank\">\n\t\t\tMehr lesen &quot;\t\t<\/a>\n\n\t\t\t\t\t<\/div>\n\t\t\t\t<\/div>\n\t\t\t\t\t<\/div>\n\t\t<\/article>\n\t\t\t\t<article class=\"elementor-post elementor-grid-item post-4007 post type-post status-publish format-standard has-post-thumbnail hentry category-cases\" role=\"listitem\">\n\t\t\t<div class=\"elementor-post__card\">\n\t\t\t\t<a class=\"elementor-post__thumbnail__link\" href=\"https:\/\/rysilicone.com\/de\/1-million-usd-order\/\" tabindex=\"-1\" target=\"_blank\"><div class=\"elementor-post__thumbnail\"><img decoding=\"async\" width=\"800\" height=\"500\" src=\"https:\/\/rysilicone.com\/wp-content\/uploads\/2023\/03\/How-Ruiyangs-Professional-Service-Secured-a-1-Million-USD-Order.jpg\" class=\"attachment-large size-large wp-image-4008\" alt=\"\" srcset=\"https:\/\/rysilicone.com\/wp-content\/uploads\/2023\/03\/How-Ruiyangs-Professional-Service-Secured-a-1-Million-USD-Order.jpg 800w, https:\/\/rysilicone.com\/wp-content\/uploads\/2023\/03\/How-Ruiyangs-Professional-Service-Secured-a-1-Million-USD-Order-300x188.jpg 300w, https:\/\/rysilicone.com\/wp-content\/uploads\/2023\/03\/How-Ruiyangs-Professional-Service-Secured-a-1-Million-USD-Order-768x480.jpg 768w, https:\/\/rysilicone.com\/wp-content\/uploads\/2023\/03\/How-Ruiyangs-Professional-Service-Secured-a-1-Million-USD-Order-600x375.jpg 600w\" sizes=\"(max-width: 800px) 100vw, 800px\"><\/div><\/a>\n\t\t\t\t<div class=\"elementor-post__text\">\n\t\t\t\t<h3 class=\"elementor-post__title\">\n\t\t\t<a href=\"https:\/\/rysilicone.com\/de\/1-million-usd-order\/\" target=\"&quot;_blank&quot;\">\n\t\t\t\tWie Ruiyangs Professional Service einen Auftrag im Wert von 1 Million USD sicherte\t\t\t<\/a>\n\t\t<\/h3>\n\t\t\t\t<div class=\"elementor-post__excerpt\">\n\t\t\t<p>Bei Ruiyang sind wir stolz auf unseren au\u00dfergew\u00f6hnlich professionellen Service, und dieser hat eine entscheidende Rolle dabei gespielt, einen Auftrag \u00fcber 1 Million USD f\u00fcr Silikonprodukte von einem US-Markenkunden zu erhalten. Alles begann, als der US-Markenkunde nach einem zuverl\u00e4ssigen Lieferanten f\u00fcr hochwertige Silikonprodukte suchte. Nach<\/p>\n\t\t<\/div>\n\t\t\t\t\t<div class=\"elementor-post__read-more-wrapper\">\n\t\t\n\t\t<a class=\"elementor-post__read-more\" href=\"https:\/\/rysilicone.com\/de\/1-million-usd-order\/\" aria-label=\"Mehr dar\u00fcber, wie Ruiyangs professioneller Service einen Auftrag im Wert von 1 Million US-Dollar sicherte\" tabindex=\"-1\" target=\"_blank\">\n\t\t\tMehr lesen &quot;\t\t<\/a>\n\n\t\t\t\t\t<\/div>\n\t\t\t\t<\/div>\n\t\t\t\t\t<\/div>\n\t\t<\/article>\n\t\t\t\t<article class=\"elementor-post elementor-grid-item post-11615 post type-post status-publish format-standard has-post-thumbnail hentry category-cases\" role=\"listitem\">\n\t\t\t<div class=\"elementor-post__card\">\n\t\t\t\t<a class=\"elementor-post__thumbnail__link\" href=\"https:\/\/rysilicone.com\/de\/plan-orders-for-peak-season\/\" tabindex=\"-1\" target=\"_blank\"><div class=\"elementor-post__thumbnail\"><img loading=\"lazy\" decoding=\"async\" width=\"800\" height=\"550\" src=\"https:\/\/rysilicone.com\/wp-content\/uploads\/2025\/04\/Silicone-Product-Orders-for-Peak-Season-2.jpg\" class=\"attachment-large size-large wp-image-11617\" alt=\"\" srcset=\"https:\/\/rysilicone.com\/wp-content\/uploads\/2025\/04\/Silicone-Product-Orders-for-Peak-Season-2.jpg 800w, https:\/\/rysilicone.com\/wp-content\/uploads\/2025\/04\/Silicone-Product-Orders-for-Peak-Season-2-300x206.jpg 300w, https:\/\/rysilicone.com\/wp-content\/uploads\/2025\/04\/Silicone-Product-Orders-for-Peak-Season-2-768x528.jpg 768w, https:\/\/rysilicone.com\/wp-content\/uploads\/2025\/04\/Silicone-Product-Orders-for-Peak-Season-2-18x12.jpg 18w, https:\/\/rysilicone.com\/wp-content\/uploads\/2025\/04\/Silicone-Product-Orders-for-Peak-Season-2-600x413.jpg 600w\" sizes=\"(max-width: 800px) 100vw, 800px\"><\/div><\/a>\n\t\t\t\t<div class=\"elementor-post__text\">\n\t\t\t\t<h3 class=\"elementor-post__title\">\n\t\t\t<a href=\"https:\/\/rysilicone.com\/de\/plan-orders-for-peak-season\/\" target=\"&quot;_blank&quot;\">\n\t\t\t\tWie k\u00f6nnen Sie Ihre Silikonproduktbestellungen f\u00fcr die Hochsaison planen?\t\t\t<\/a>\n\t\t<\/h3>\n\t\t\t\t<div class=\"elementor-post__excerpt\">\n\t\t\t<p>Ein Lagermangel in der Hochsaison kann monatelange Vorbereitungen zunichtemachen. Versp\u00e4tete Lieferungen, entgangene Verk\u00e4ufe und frustrierte Kunden sind die Folge. Die fr\u00fchzeitige Planung von Silikonproduktbestellungen \u2013 unter Ber\u00fccksichtigung von Lieferzeiten, Lieferantenkapazit\u00e4ten und Lagerumschlag \u2013 ist der Schl\u00fcssel zur Deckung der Nachfrage in der Hochsaison. Ich habe Lagerengp\u00e4sse erlebt, die Tausende an Umsatzverlusten kosteten. Jetzt plane ich<\/p>\n\t\t<\/div>\n\t\t\t\t\t<div class=\"elementor-post__read-more-wrapper\">\n\t\t\n\t\t<a class=\"elementor-post__read-more\" href=\"https:\/\/rysilicone.com\/de\/plan-orders-for-peak-season\/\" aria-label=\"Mehr \u00fcber Wie k\u00f6nnen Sie Ihre Bestellungen f\u00fcr Silikonprodukte f\u00fcr die Hochsaison planen?\" tabindex=\"-1\" target=\"_blank\">\n\t\t\tMehr lesen &quot;\t\t<\/a>\n\n\t\t\t\t\t<\/div>\n\t\t\t\t<\/div>\n\t\t\t\t\t<\/div>\n\t\t<\/article>\n\t\t\t\t<article class=\"elementor-post elementor-grid-item post-14194 post type-post status-publish format-standard has-post-thumbnail hentry category-cases\" role=\"listitem\">\n\t\t\t<div class=\"elementor-post__card\">\n\t\t\t\t<a class=\"elementor-post__thumbnail__link\" href=\"https:\/\/rysilicone.com\/de\/what-is-a-liquid-silicone-phone-case-and-why-choose-it\/\" tabindex=\"-1\" target=\"_blank\"><div class=\"elementor-post__thumbnail\"><img loading=\"lazy\" decoding=\"async\" width=\"800\" height=\"450\" src=\"https:\/\/rysilicone.com\/wp-content\/uploads\/2025\/10\/Silicone-Phone-Case2.jpg\" class=\"attachment-large size-large wp-image-14198\" alt=\"\" srcset=\"https:\/\/rysilicone.com\/wp-content\/uploads\/2025\/10\/Silicone-Phone-Case2.jpg 800w, https:\/\/rysilicone.com\/wp-content\/uploads\/2025\/10\/Silicone-Phone-Case2-300x169.jpg 300w, https:\/\/rysilicone.com\/wp-content\/uploads\/2025\/10\/Silicone-Phone-Case2-768x432.jpg 768w, https:\/\/rysilicone.com\/wp-content\/uploads\/2025\/10\/Silicone-Phone-Case2-18x10.jpg 18w, https:\/\/rysilicone.com\/wp-content\/uploads\/2025\/10\/Silicone-Phone-Case2-600x338.jpg 600w\" sizes=\"(max-width: 800px) 100vw, 800px\"><\/div><\/a>\n\t\t\t\t<div class=\"elementor-post__text\">\n\t\t\t\t<h3 class=\"elementor-post__title\">\n\t\t\t<a href=\"https:\/\/rysilicone.com\/de\/what-is-a-liquid-silicone-phone-case-and-why-choose-it\/\" target=\"&quot;_blank&quot;\">\n\t\t\t\tWas ist eine Fl\u00fcssigsilikon-Telefonh\u00fclle und warum sollte man sie w\u00e4hlen?\t\t\t<\/a>\n\t\t<\/h3>\n\t\t\t\t<div class=\"elementor-post__excerpt\">\n\t\t\t<p>Smartphone-H\u00fcllen gibt es in verschiedenen Materialien, darunter Kunststoff, TPU, Metall, Leder und traditionelles Silikon. In den letzten Jahren erfreuen sich Fl\u00fcssigsilikon-H\u00fcllen zunehmender Beliebtheit. Ihre einzigartige Textur und hervorragende Leistung haben sowohl High-End-Nutzer als auch Marken begeistert. Dieser Artikel erkl\u00e4rt, was Fl\u00fcssigsilikon-H\u00fcllen sind, wie sie<\/p>\n\t\t<\/div>\n\t\t\t\t\t<div class=\"elementor-post__read-more-wrapper\">\n\t\t\n\t\t<a class=\"elementor-post__read-more\" href=\"https:\/\/rysilicone.com\/de\/what-is-a-liquid-silicone-phone-case-and-why-choose-it\/\" aria-label=\"Mehr \u00fcber Was ist eine Handyh\u00fclle aus fl\u00fcssigem Silikon und warum sollte man sie w\u00e4hlen?\" tabindex=\"-1\" target=\"_blank\">\n\t\t\tMehr lesen &quot;\t\t<\/a>\n\n\t\t\t\t\t<\/div>\n\t\t\t\t<\/div>\n\t\t\t\t\t<\/div>\n\t\t<\/article>\n\t\t\t\t<\/div>\n\t\t\n\t\t\t\t\t\t<\/div>\n\t\t\t\t<\/div>\n\t\t\t\t\t<\/div>\n\t\t<\/div>\n\t\t\t\t\t<\/div>\n\t\t<\/section>\n\t\t\t\t<\/div>","protected":false},"excerpt":{"rendered":"<p>We&#8217;re Making A Difference For Our Clients Successful Case Studies As a professional silicone product manufacturer, Ruiyang doesn&#8217;t just stop at the theoretical level but has a wealth of successful customer order case studies. With the customer&#8217;s permission and protection of their privacy, we are able to showcase some of these cases on our website [&hellip;]<\/p>\n","protected":false},"author":1,"featured_media":0,"parent":0,"menu_order":0,"comment_status":"closed","ping_status":"closed","template":"","meta":{"footnotes":""},"class_list":["post-158","page","type-page","status-publish","hentry"],"_links":{"self":[{"href":"https:\/\/rysilicone.com\/de\/wp-json\/wp\/v2\/pages\/158","targetHints":{"allow":["GET"]}}],"collection":[{"href":"https:\/\/rysilicone.com\/de\/wp-json\/wp\/v2\/pages"}],"about":[{"href":"https:\/\/rysilicone.com\/de\/wp-json\/wp\/v2\/types\/page"}],"author":[{"embeddable":true,"href":"https:\/\/rysilicone.com\/de\/wp-json\/wp\/v2\/users\/1"}],"replies":[{"embeddable":true,"href":"https:\/\/rysilicone.com\/de\/wp-json\/wp\/v2\/comments?post=158"}],"version-history":[{"count":0,"href":"https:\/\/rysilicone.com\/de\/wp-json\/wp\/v2\/pages\/158\/revisions"}],"wp:attachment":[{"href":"https:\/\/rysilicone.com\/de\/wp-json\/wp\/v2\/media?parent=158"}],"curies":[{"name":"wp","href":"https:\/\/api.w.org\/{rel}","templated":true}]}}