{"id":35,"date":"2022-11-07T00:27:46","date_gmt":"2022-11-06T16:27:46","guid":{"rendered":"https:\/\/rysilicone.com\/?page_id=35"},"modified":"2023-02-16T10:40:37","modified_gmt":"2023-02-16T02:40:37","slug":"service","status":"publish","type":"page","link":"https:\/\/rysilicone.com\/de\/service\/","title":{"rendered":"Dienstleistungen"},"content":{"rendered":"<div data-elementor-type=\"wp-page\" data-elementor-id=\"35\" class=\"elementor elementor-35\" data-elementor-post-type=\"page\">\n\t\t\t\t\t\t<section class=\"elementor-section elementor-top-section elementor-element elementor-element-192ec52b elementor-section-boxed elementor-section-height-default elementor-section-height-default\" data-id=\"192ec52b\" data-element_type=\"section\" data-e-type=\"section\" data-settings=\"{&quot;background_background&quot;:&quot;classic&quot;}\">\n\t\t\t\t\t\t\t<div class=\"elementor-background-overlay\"><\/div>\n\t\t\t\t\t\t\t<div class=\"elementor-container elementor-column-gap-default\">\n\t\t\t\t\t<div class=\"elementor-column elementor-col-100 elementor-top-column elementor-element elementor-element-4df28bf1\" data-id=\"4df28bf1\" data-element_type=\"column\" data-e-type=\"column\">\n\t\t\t<div class=\"elementor-widget-wrap elementor-element-populated\">\n\t\t\t\t\t\t<div class=\"elementor-element elementor-element-76529ec1 elementor-widget elementor-widget-heading\" data-id=\"76529ec1\" data-element_type=\"widget\" data-e-type=\"widget\" data-widget_type=\"heading.default\">\n\t\t\t\t<div class=\"elementor-widget-container\">\n\t\t\t\t\t<h1 class=\"elementor-heading-title elementor-size-default\">Eine optimierte Lieferkette: Rundum-Services<\/h1>\t\t\t\t<\/div>\n\t\t\t\t<\/div>\n\t\t\t\t<div class=\"elementor-element elementor-element-319b9be2 elementor-widget elementor-widget-woocommerce-breadcrumb\" data-id=\"319b9be2\" data-element_type=\"widget\" data-e-type=\"widget\" data-widget_type=\"woocommerce-breadcrumb.default\">\n\t\t\t\t<div class=\"elementor-widget-container\">\n\t\t\t\t\t<nav class=\"woocommerce-breadcrumb\" aria-label=\"Breadcrumb\" data-no-translation=\"\" data-trp-gettext=\"\">Startseite<\/nav>\t\t\t\t<\/div>\n\t\t\t\t<\/div>\n\t\t\t\t\t<\/div>\n\t\t<\/div>\n\t\t\t\t\t<\/div>\n\t\t<\/section>\n\t\t\t\t<section class=\"elementor-section elementor-top-section elementor-element elementor-element-e3ca20e elementor-section-boxed elementor-section-height-default elementor-section-height-default\" data-id=\"e3ca20e\" data-element_type=\"section\" data-e-type=\"section\" data-settings=\"{&quot;background_background&quot;:&quot;classic&quot;}\">\n\t\t\t\t\t\t<div class=\"elementor-container elementor-column-gap-default\">\n\t\t\t\t\t<div class=\"elementor-column elementor-col-50 elementor-top-column elementor-element elementor-element-46301b3\" data-id=\"46301b3\" data-element_type=\"column\" data-e-type=\"column\">\n\t\t\t<div class=\"elementor-widget-wrap elementor-element-populated\">\n\t\t\t\t\t\t<div class=\"elementor-element elementor-element-b6b3b16 elementor-widget elementor-widget-heading\" data-id=\"b6b3b16\" data-element_type=\"widget\" data-e-type=\"widget\" data-widget_type=\"heading.default\">\n\t\t\t\t<div class=\"elementor-widget-container\">\n\t\t\t\t\t<h2 class=\"elementor-heading-title elementor-size-default\">Verwandeln Sie Ihre Idee in ein erstaunliches Silikonprodukt<\/h2>\t\t\t\t<\/div>\n\t\t\t\t<\/div>\n\t\t\t\t\t<\/div>\n\t\t<\/div>\n\t\t\t\t<div class=\"elementor-column elementor-col-50 elementor-top-column elementor-element elementor-element-e0f7399\" data-id=\"e0f7399\" data-element_type=\"column\" data-e-type=\"column\">\n\t\t\t<div class=\"elementor-widget-wrap elementor-element-populated\">\n\t\t\t\t\t\t<div class=\"elementor-element elementor-element-667a2d7 elementor-widget elementor-widget-text-editor\" data-id=\"667a2d7\" data-element_type=\"widget\" data-e-type=\"widget\" data-widget_type=\"text-editor.default\">\n\t\t\t\t<div class=\"elementor-widget-container\">\n\t\t\t\t\t\t\t\t\t<p>Unsere Design- und Fertigungsteams verf\u00fcgen \u00fcber umfassendes Fachwissen, um Sie bei der Definition Ihres Silikonproduktprojekts zu unterst\u00fctzen.<\/p><p>Wir bieten One-Stop-Herstellungsdienstleistungen f\u00fcr Silikon, unterst\u00fctzt von Silikonexperten und mehr als 10 Jahren Forschung in der Silikonindustrie.<\/p><p>Jeder einzelne Service ist speziell aufgeteilt und Sie erhalten in jeder Phase des Projekts sorgf\u00e4ltige Unterst\u00fctzung, vom urspr\u00fcnglichen Design des Produkts bis hin zum von RuiYang eingerichteten After-Sales-Service.<\/p>\t\t\t\t\t\t\t\t<\/div>\n\t\t\t\t<\/div>\n\t\t\t\t\t<\/div>\n\t\t<\/div>\n\t\t\t\t\t<\/div>\n\t\t<\/section>\n\t\t\t\t<section class=\"elementor-section elementor-top-section elementor-element elementor-element-d93b7f9 elementor-section-boxed elementor-section-height-default elementor-section-height-default\" data-id=\"d93b7f9\" data-element_type=\"section\" data-e-type=\"section\" data-settings=\"{&quot;background_background&quot;:&quot;classic&quot;}\">\n\t\t\t\t\t\t<div class=\"elementor-container elementor-column-gap-default\">\n\t\t\t\t\t<div class=\"elementor-column elementor-col-50 elementor-top-column elementor-element elementor-element-0ac4069\" data-id=\"0ac4069\" data-element_type=\"column\" data-e-type=\"column\">\n\t\t\t<div class=\"elementor-widget-wrap elementor-element-populated\">\n\t\t\t\t\t\t<div class=\"elementor-element elementor-element-938cc94 elementor-widget elementor-widget-image\" data-id=\"938cc94\" data-element_type=\"widget\" data-e-type=\"widget\" data-widget_type=\"image.default\">\n\t\t\t\t<div class=\"elementor-widget-container\">\n\t\t\t\t\t\t\t\t\t\t\t\t\t\t\t\t<a href=\"https:\/\/rysilicone.com\/de\/research-development\/\">\n\t\t\t\t\t\t\t<img fetchpriority=\"high\" decoding=\"async\" width=\"800\" height=\"592\" src=\"https:\/\/rysilicone.com\/wp-content\/uploads\/2022\/11\/RD-1.jpg\" class=\"attachment-large size-large wp-image-721\" alt=\"Rysilikon-F&amp;E\" srcset=\"https:\/\/rysilicone.com\/wp-content\/uploads\/2022\/11\/RD-1.jpg 800w, https:\/\/rysilicone.com\/wp-content\/uploads\/2022\/11\/RD-1-300x222.jpg 300w, https:\/\/rysilicone.com\/wp-content\/uploads\/2022\/11\/RD-1-768x568.jpg 768w, https:\/\/rysilicone.com\/wp-content\/uploads\/2022\/11\/RD-1-600x444.jpg 600w\" sizes=\"(max-width: 800px) 100vw, 800px\" \/>\t\t\t\t\t\t\t\t<\/a>\n\t\t\t\t\t\t\t\t\t\t\t\t\t\t\t<\/div>\n\t\t\t\t<\/div>\n\t\t\t\t<div class=\"elementor-element elementor-element-4631536 elementor-widget elementor-widget-heading\" data-id=\"4631536\" data-element_type=\"widget\" data-e-type=\"widget\" data-widget_type=\"heading.default\">\n\t\t\t\t<div class=\"elementor-widget-container\">\n\t\t\t\t\t<h3 class=\"elementor-heading-title elementor-size-default\"><a href=\"https:\/\/rysilicone.com\/de\/research-development\/\">Forschung &amp; Entwicklung<\/a><\/h3>\t\t\t\t<\/div>\n\t\t\t\t<\/div>\n\t\t\t\t<div class=\"elementor-element elementor-element-27f610c elementor-widget elementor-widget-text-editor\" data-id=\"27f610c\" data-element_type=\"widget\" data-e-type=\"widget\" data-widget_type=\"text-editor.default\">\n\t\t\t\t<div class=\"elementor-widget-container\">\n\t\t\t\t\t\t\t\t\t<p>Wir entwickeln f\u00fcr Sie Silikonprodukte, die am besten zu Ihrem Projekt, Ihren M\u00e4rkten und Ihren Kunden passen<\/p>\t\t\t\t\t\t\t\t<\/div>\n\t\t\t\t<\/div>\n\t\t\t\t<div class=\"elementor-element elementor-element-1e3a13b elementor-view-default elementor-widget elementor-widget-icon\" data-id=\"1e3a13b\" data-element_type=\"widget\" data-e-type=\"widget\" data-widget_type=\"icon.default\">\n\t\t\t\t<div class=\"elementor-widget-container\">\n\t\t\t\t\t\t\t<div class=\"elementor-icon-wrapper\">\n\t\t\t<a class=\"elementor-icon\" href=\"https:\/\/rysilicone.com\/de\/research-development\/\">\n\t\t\t<svg aria-hidden=\"true\" class=\"e-font-icon-svg e-fas-long-arrow-alt-right\" viewbox=\"0 0 448 512\" xmlns=\"http:\/\/www.w3.org\/2000\/svg\"><path d=\"M313.941 216H12c-6.627 0-12 5.373-12 12v56c0 6.627 5.373 12 12 12h301.941v46.059c0 21.382 25.851 32.09 40.971 16.971l86.059-86.059c9.373-9.373 9.373-24.569 0-33.941l-86.059-86.059c-15.119-15.119-40.971-4.411-40.971 16.971V216z\"><\/path><\/svg>\t\t\t<\/a>\n\t\t<\/div>\n\t\t\t\t\t\t<\/div>\n\t\t\t\t<\/div>\n\t\t\t\t\t<\/div>\n\t\t<\/div>\n\t\t\t\t<div class=\"elementor-column elementor-col-50 elementor-top-column elementor-element elementor-element-3285a54\" data-id=\"3285a54\" data-element_type=\"column\" data-e-type=\"column\">\n\t\t\t<div class=\"elementor-widget-wrap elementor-element-populated\">\n\t\t\t\t\t\t<div class=\"elementor-element elementor-element-1f03678 elementor-widget elementor-widget-image\" data-id=\"1f03678\" data-element_type=\"widget\" data-e-type=\"widget\" data-widget_type=\"image.default\">\n\t\t\t\t<div class=\"elementor-widget-container\">\n\t\t\t\t\t\t\t\t\t\t\t\t\t\t\t\t<a href=\"https:\/\/rysilicone.com\/de\/free-samples\/\">\n\t\t\t\t\t\t\t<img decoding=\"async\" width=\"768\" height=\"568\" src=\"https:\/\/rysilicone.com\/wp-content\/uploads\/2022\/11\/free-sample-768x568.jpg\" class=\"attachment-medium_large size-medium_large wp-image-718\" alt=\"rysilikonfreie-probe\" srcset=\"https:\/\/rysilicone.com\/wp-content\/uploads\/2022\/11\/free-sample-768x568.jpg 768w, https:\/\/rysilicone.com\/wp-content\/uploads\/2022\/11\/free-sample-300x222.jpg 300w, https:\/\/rysilicone.com\/wp-content\/uploads\/2022\/11\/free-sample-600x444.jpg 600w, https:\/\/rysilicone.com\/wp-content\/uploads\/2022\/11\/free-sample.jpg 800w\" sizes=\"(max-width: 768px) 100vw, 768px\" \/>\t\t\t\t\t\t\t\t<\/a>\n\t\t\t\t\t\t\t\t\t\t\t\t\t\t\t<\/div>\n\t\t\t\t<\/div>\n\t\t\t\t<div class=\"elementor-element elementor-element-8b93b94 elementor-widget elementor-widget-heading\" data-id=\"8b93b94\" data-element_type=\"widget\" data-e-type=\"widget\" data-widget_type=\"heading.default\">\n\t\t\t\t<div class=\"elementor-widget-container\">\n\t\t\t\t\t<h3 class=\"elementor-heading-title elementor-size-default\"><a href=\"https:\/\/rysilicone.com\/de\/free-samples\/\">Gratisproben<\/a><\/h3>\t\t\t\t<\/div>\n\t\t\t\t<\/div>\n\t\t\t\t<div class=\"elementor-element elementor-element-9c44da1 elementor-widget elementor-widget-text-editor\" data-id=\"9c44da1\" data-element_type=\"widget\" data-e-type=\"widget\" data-widget_type=\"text-editor.default\">\n\t\t\t\t<div class=\"elementor-widget-container\">\n\t\t\t\t\t\t\t\t\t<p>Kostenlose Muster stehen zur Verf\u00fcgung, um Qualit\u00e4t und Design vor dem Kauf zu pr\u00fcfen<\/p>\t\t\t\t\t\t\t\t<\/div>\n\t\t\t\t<\/div>\n\t\t\t\t<div class=\"elementor-element elementor-element-26ed746 elementor-view-default elementor-widget elementor-widget-icon\" data-id=\"26ed746\" data-element_type=\"widget\" data-e-type=\"widget\" data-widget_type=\"icon.default\">\n\t\t\t\t<div class=\"elementor-widget-container\">\n\t\t\t\t\t\t\t<div class=\"elementor-icon-wrapper\">\n\t\t\t<a class=\"elementor-icon\" href=\"https:\/\/rysilicone.com\/de\/free-samples\/\">\n\t\t\t<svg aria-hidden=\"true\" class=\"e-font-icon-svg e-fas-long-arrow-alt-right\" viewbox=\"0 0 448 512\" xmlns=\"http:\/\/www.w3.org\/2000\/svg\"><path d=\"M313.941 216H12c-6.627 0-12 5.373-12 12v56c0 6.627 5.373 12 12 12h301.941v46.059c0 21.382 25.851 32.09 40.971 16.971l86.059-86.059c9.373-9.373 9.373-24.569 0-33.941l-86.059-86.059c-15.119-15.119-40.971-4.411-40.971 16.971V216z\"><\/path><\/svg>\t\t\t<\/a>\n\t\t<\/div>\n\t\t\t\t\t\t<\/div>\n\t\t\t\t<\/div>\n\t\t\t\t\t<\/div>\n\t\t<\/div>\n\t\t\t\t\t<\/div>\n\t\t<\/section>\n\t\t\t\t<section class=\"elementor-section elementor-top-section elementor-element elementor-element-5dd5ffb elementor-section-boxed elementor-section-height-default elementor-section-height-default\" data-id=\"5dd5ffb\" data-element_type=\"section\" data-e-type=\"section\" data-settings=\"{&quot;background_background&quot;:&quot;classic&quot;}\">\n\t\t\t\t\t\t<div class=\"elementor-container elementor-column-gap-default\">\n\t\t\t\t\t<div class=\"elementor-column elementor-col-50 elementor-top-column elementor-element elementor-element-fd2be68\" data-id=\"fd2be68\" data-element_type=\"column\" data-e-type=\"column\">\n\t\t\t<div class=\"elementor-widget-wrap elementor-element-populated\">\n\t\t\t\t\t\t<div class=\"elementor-element elementor-element-5e5073f elementor-widget elementor-widget-image\" data-id=\"5e5073f\" data-element_type=\"widget\" data-e-type=\"widget\" data-widget_type=\"image.default\">\n\t\t\t\t<div class=\"elementor-widget-container\">\n\t\t\t\t\t\t\t\t\t\t\t\t\t\t\t\t<a href=\"https:\/\/rysilicone.com\/de\/silicone-manufacturing\/\">\n\t\t\t\t\t\t\t<img decoding=\"async\" width=\"768\" height=\"568\" src=\"https:\/\/rysilicone.com\/wp-content\/uploads\/2022\/11\/manufacture-768x568.jpg\" class=\"attachment-medium_large size-medium_large wp-image-719\" alt=\"Herstellung von Rysilikonprodukten\" srcset=\"https:\/\/rysilicone.com\/wp-content\/uploads\/2022\/11\/manufacture-768x568.jpg 768w, https:\/\/rysilicone.com\/wp-content\/uploads\/2022\/11\/manufacture-300x222.jpg 300w, https:\/\/rysilicone.com\/wp-content\/uploads\/2022\/11\/manufacture-600x444.jpg 600w, https:\/\/rysilicone.com\/wp-content\/uploads\/2022\/11\/manufacture.jpg 800w\" sizes=\"(max-width: 768px) 100vw, 768px\" \/>\t\t\t\t\t\t\t\t<\/a>\n\t\t\t\t\t\t\t\t\t\t\t\t\t\t\t<\/div>\n\t\t\t\t<\/div>\n\t\t\t\t<div class=\"elementor-element elementor-element-a057480 elementor-widget elementor-widget-heading\" data-id=\"a057480\" data-element_type=\"widget\" data-e-type=\"widget\" data-widget_type=\"heading.default\">\n\t\t\t\t<div class=\"elementor-widget-container\">\n\t\t\t\t\t<h3 class=\"elementor-heading-title elementor-size-default\"><a href=\"https:\/\/rysilicone.com\/de\/silicone-manufacturing\/\">Silikonherstellung<\/a><\/h3>\t\t\t\t<\/div>\n\t\t\t\t<\/div>\n\t\t\t\t<div class=\"elementor-element elementor-element-2c2defa elementor-widget elementor-widget-text-editor\" data-id=\"2c2defa\" data-element_type=\"widget\" data-e-type=\"widget\" data-widget_type=\"text-editor.default\">\n\t\t\t\t<div class=\"elementor-widget-container\">\n\t\t\t\t\t\t\t\t\t<p>Von hochwertigen Rohstoffen bis zu standardm\u00e4\u00dfigen Silikon-Produktionslinien, von der Formenentwicklung bis zur automatisierten Verpackungstechnologie \u2013 wir haben alles f\u00fcr Sie.<\/p>\t\t\t\t\t\t\t\t<\/div>\n\t\t\t\t<\/div>\n\t\t\t\t<div class=\"elementor-element elementor-element-e56c9ed elementor-view-default elementor-widget elementor-widget-icon\" data-id=\"e56c9ed\" data-element_type=\"widget\" data-e-type=\"widget\" data-widget_type=\"icon.default\">\n\t\t\t\t<div class=\"elementor-widget-container\">\n\t\t\t\t\t\t\t<div class=\"elementor-icon-wrapper\">\n\t\t\t<a class=\"elementor-icon\" href=\"https:\/\/rysilicone.com\/de\/silicone-manufacturing\/\">\n\t\t\t<svg aria-hidden=\"true\" class=\"e-font-icon-svg e-fas-long-arrow-alt-right\" viewbox=\"0 0 448 512\" xmlns=\"http:\/\/www.w3.org\/2000\/svg\"><path d=\"M313.941 216H12c-6.627 0-12 5.373-12 12v56c0 6.627 5.373 12 12 12h301.941v46.059c0 21.382 25.851 32.09 40.971 16.971l86.059-86.059c9.373-9.373 9.373-24.569 0-33.941l-86.059-86.059c-15.119-15.119-40.971-4.411-40.971 16.971V216z\"><\/path><\/svg>\t\t\t<\/a>\n\t\t<\/div>\n\t\t\t\t\t\t<\/div>\n\t\t\t\t<\/div>\n\t\t\t\t\t<\/div>\n\t\t<\/div>\n\t\t\t\t<div class=\"elementor-column elementor-col-50 elementor-top-column elementor-element elementor-element-3fe6a9e\" data-id=\"3fe6a9e\" data-element_type=\"column\" data-e-type=\"column\">\n\t\t\t<div class=\"elementor-widget-wrap elementor-element-populated\">\n\t\t\t\t\t\t<div class=\"elementor-element elementor-element-6a39d16 elementor-widget elementor-widget-image\" data-id=\"6a39d16\" data-element_type=\"widget\" data-e-type=\"widget\" data-widget_type=\"image.default\">\n\t\t\t\t<div class=\"elementor-widget-container\">\n\t\t\t\t\t\t\t\t\t\t\t\t\t\t\t\t<a href=\"https:\/\/rysilicone.com\/de\/quality-management\/\">\n\t\t\t\t\t\t\t<img loading=\"lazy\" decoding=\"async\" width=\"768\" height=\"568\" src=\"https:\/\/rysilicone.com\/wp-content\/uploads\/2022\/11\/QM-768x568.jpg\" class=\"attachment-medium_large size-medium_large wp-image-720\" alt=\"Rysilicone Qualit\u00e4tsmanagement\" srcset=\"https:\/\/rysilicone.com\/wp-content\/uploads\/2022\/11\/QM-768x568.jpg 768w, https:\/\/rysilicone.com\/wp-content\/uploads\/2022\/11\/QM-300x222.jpg 300w, https:\/\/rysilicone.com\/wp-content\/uploads\/2022\/11\/QM-600x444.jpg 600w, https:\/\/rysilicone.com\/wp-content\/uploads\/2022\/11\/QM.jpg 800w\" sizes=\"(max-width: 768px) 100vw, 768px\" \/>\t\t\t\t\t\t\t\t<\/a>\n\t\t\t\t\t\t\t\t\t\t\t\t\t\t\t<\/div>\n\t\t\t\t<\/div>\n\t\t\t\t<div class=\"elementor-element elementor-element-d5b1c10 elementor-widget elementor-widget-heading\" data-id=\"d5b1c10\" data-element_type=\"widget\" data-e-type=\"widget\" data-widget_type=\"heading.default\">\n\t\t\t\t<div class=\"elementor-widget-container\">\n\t\t\t\t\t<h3 class=\"elementor-heading-title elementor-size-default\"><a href=\"https:\/\/rysilicone.com\/de\/quality-management\/\">Qualit\u00e4tsmanagement<\/a><\/h3>\t\t\t\t<\/div>\n\t\t\t\t<\/div>\n\t\t\t\t<div class=\"elementor-element elementor-element-4f4d4be elementor-widget elementor-widget-text-editor\" data-id=\"4f4d4be\" data-element_type=\"widget\" data-e-type=\"widget\" data-widget_type=\"text-editor.default\">\n\t\t\t\t<div class=\"elementor-widget-container\">\n\t\t\t\t\t\t\t\t\t<p>Von der Fabrikpr\u00fcfung bis zur vollst\u00e4ndigen Inspektion der Silikonprodukte in jeder Phase steht Qualit\u00e4t stets im Mittelpunkt unserer Kultur.\u00a0<\/p>\t\t\t\t\t\t\t\t<\/div>\n\t\t\t\t<\/div>\n\t\t\t\t<div class=\"elementor-element elementor-element-fa341ac elementor-view-default elementor-widget elementor-widget-icon\" data-id=\"fa341ac\" data-element_type=\"widget\" data-e-type=\"widget\" data-widget_type=\"icon.default\">\n\t\t\t\t<div class=\"elementor-widget-container\">\n\t\t\t\t\t\t\t<div class=\"elementor-icon-wrapper\">\n\t\t\t<a class=\"elementor-icon\" href=\"https:\/\/rysilicone.com\/de\/quality-management\/\">\n\t\t\t<svg aria-hidden=\"true\" class=\"e-font-icon-svg e-fas-long-arrow-alt-right\" viewbox=\"0 0 448 512\" xmlns=\"http:\/\/www.w3.org\/2000\/svg\"><path d=\"M313.941 216H12c-6.627 0-12 5.373-12 12v56c0 6.627 5.373 12 12 12h301.941v46.059c0 21.382 25.851 32.09 40.971 16.971l86.059-86.059c9.373-9.373 9.373-24.569 0-33.941l-86.059-86.059c-15.119-15.119-40.971-4.411-40.971 16.971V216z\"><\/path><\/svg>\t\t\t<\/a>\n\t\t<\/div>\n\t\t\t\t\t\t<\/div>\n\t\t\t\t<\/div>\n\t\t\t\t\t<\/div>\n\t\t<\/div>\n\t\t\t\t\t<\/div>\n\t\t<\/section>\n\t\t\t\t<section class=\"elementor-section elementor-top-section elementor-element elementor-element-1971dab elementor-section-boxed elementor-section-height-default elementor-section-height-default\" data-id=\"1971dab\" data-element_type=\"section\" data-e-type=\"section\" data-settings=\"{&quot;background_background&quot;:&quot;classic&quot;}\">\n\t\t\t\t\t\t<div class=\"elementor-container elementor-column-gap-default\">\n\t\t\t\t\t<div class=\"elementor-column elementor-col-50 elementor-top-column elementor-element elementor-element-b12f057\" data-id=\"b12f057\" data-element_type=\"column\" data-e-type=\"column\">\n\t\t\t<div class=\"elementor-widget-wrap elementor-element-populated\">\n\t\t\t\t\t\t<div class=\"elementor-element elementor-element-6dcad98 elementor-widget elementor-widget-image\" data-id=\"6dcad98\" data-element_type=\"widget\" data-e-type=\"widget\" data-widget_type=\"image.default\">\n\t\t\t\t<div class=\"elementor-widget-container\">\n\t\t\t\t\t\t\t\t\t\t\t\t\t\t\t\t<a href=\"https:\/\/rysilicone.com\/de\/wearhousing-logistics\/\">\n\t\t\t\t\t\t\t<img loading=\"lazy\" decoding=\"async\" width=\"768\" height=\"568\" src=\"https:\/\/rysilicone.com\/wp-content\/uploads\/2022\/11\/warehouse-1-768x568.jpg\" class=\"attachment-medium_large size-medium_large wp-image-722\" alt=\"Rysilicone-Lager\" srcset=\"https:\/\/rysilicone.com\/wp-content\/uploads\/2022\/11\/warehouse-1-768x568.jpg 768w, https:\/\/rysilicone.com\/wp-content\/uploads\/2022\/11\/warehouse-1-300x222.jpg 300w, https:\/\/rysilicone.com\/wp-content\/uploads\/2022\/11\/warehouse-1-600x444.jpg 600w, https:\/\/rysilicone.com\/wp-content\/uploads\/2022\/11\/warehouse-1.jpg 800w\" sizes=\"(max-width: 768px) 100vw, 768px\" \/>\t\t\t\t\t\t\t\t<\/a>\n\t\t\t\t\t\t\t\t\t\t\t\t\t\t\t<\/div>\n\t\t\t\t<\/div>\n\t\t\t\t<div class=\"elementor-element elementor-element-82068cb elementor-widget elementor-widget-heading\" data-id=\"82068cb\" data-element_type=\"widget\" data-e-type=\"widget\" data-widget_type=\"heading.default\">\n\t\t\t\t<div class=\"elementor-widget-container\">\n\t\t\t\t\t<h3 class=\"elementor-heading-title elementor-size-default\"><a href=\"https:\/\/rysilicone.com\/de\/wearhousing-logistics\/\">Lagerhaltung &amp; Logistik<\/a><\/h3>\t\t\t\t<\/div>\n\t\t\t\t<\/div>\n\t\t\t\t<div class=\"elementor-element elementor-element-65f6e31 elementor-widget elementor-widget-text-editor\" data-id=\"65f6e31\" data-element_type=\"widget\" data-e-type=\"widget\" data-widget_type=\"text-editor.default\">\n\t\t\t\t<div class=\"elementor-widget-container\">\n\t\t\t\t\t\t\t\t\t<p>Mit ausreichend Lagerfl\u00e4che und flexiblen Logistikm\u00f6glichkeiten stehen wir Ihnen gerne zur Verf\u00fcgung.<\/p>\t\t\t\t\t\t\t\t<\/div>\n\t\t\t\t<\/div>\n\t\t\t\t<div class=\"elementor-element elementor-element-0c216dd elementor-view-default elementor-widget elementor-widget-icon\" data-id=\"0c216dd\" data-element_type=\"widget\" data-e-type=\"widget\" data-widget_type=\"icon.default\">\n\t\t\t\t<div class=\"elementor-widget-container\">\n\t\t\t\t\t\t\t<div class=\"elementor-icon-wrapper\">\n\t\t\t<a class=\"elementor-icon\" href=\"https:\/\/rysilicone.com\/de\/wearhousing-logistics\/\">\n\t\t\t<svg aria-hidden=\"true\" class=\"e-font-icon-svg e-fas-long-arrow-alt-right\" viewbox=\"0 0 448 512\" xmlns=\"http:\/\/www.w3.org\/2000\/svg\"><path d=\"M313.941 216H12c-6.627 0-12 5.373-12 12v56c0 6.627 5.373 12 12 12h301.941v46.059c0 21.382 25.851 32.09 40.971 16.971l86.059-86.059c9.373-9.373 9.373-24.569 0-33.941l-86.059-86.059c-15.119-15.119-40.971-4.411-40.971 16.971V216z\"><\/path><\/svg>\t\t\t<\/a>\n\t\t<\/div>\n\t\t\t\t\t\t<\/div>\n\t\t\t\t<\/div>\n\t\t\t\t\t<\/div>\n\t\t<\/div>\n\t\t\t\t<div class=\"elementor-column elementor-col-50 elementor-top-column elementor-element elementor-element-fcdded2\" data-id=\"fcdded2\" data-element_type=\"column\" data-e-type=\"column\">\n\t\t\t<div class=\"elementor-widget-wrap elementor-element-populated\">\n\t\t\t\t\t\t<div class=\"elementor-element elementor-element-acb40cb elementor-widget elementor-widget-image\" data-id=\"acb40cb\" data-element_type=\"widget\" data-e-type=\"widget\" data-widget_type=\"image.default\">\n\t\t\t\t<div class=\"elementor-widget-container\">\n\t\t\t\t\t\t\t\t\t\t\t\t\t\t\t\t<a href=\"https:\/\/rysilicone.com\/de\/after-sales-service\/\">\n\t\t\t\t\t\t\t<img loading=\"lazy\" decoding=\"async\" width=\"500\" height=\"370\" src=\"https:\/\/rysilicone.com\/wp-content\/uploads\/2022\/11\/after-sales-team-1.jpg\" class=\"attachment-medium_large size-medium_large wp-image-717\" alt=\"Rysilicone After-Sales-Team\" srcset=\"https:\/\/rysilicone.com\/wp-content\/uploads\/2022\/11\/after-sales-team-1.jpg 500w, https:\/\/rysilicone.com\/wp-content\/uploads\/2022\/11\/after-sales-team-1-300x222.jpg 300w\" sizes=\"(max-width: 500px) 100vw, 500px\" \/>\t\t\t\t\t\t\t\t<\/a>\n\t\t\t\t\t\t\t\t\t\t\t\t\t\t\t<\/div>\n\t\t\t\t<\/div>\n\t\t\t\t<div class=\"elementor-element elementor-element-766bc84 elementor-widget elementor-widget-heading\" data-id=\"766bc84\" data-element_type=\"widget\" data-e-type=\"widget\" data-widget_type=\"heading.default\">\n\t\t\t\t<div class=\"elementor-widget-container\">\n\t\t\t\t\t<h3 class=\"elementor-heading-title elementor-size-default\"><a href=\"https:\/\/rysilicone.com\/de\/after-sales-service\/\">Kundendienst<\/a><\/h3>\t\t\t\t<\/div>\n\t\t\t\t<\/div>\n\t\t\t\t<div class=\"elementor-element elementor-element-a49b44f elementor-widget elementor-widget-text-editor\" data-id=\"a49b44f\" data-element_type=\"widget\" data-e-type=\"widget\" data-widget_type=\"text-editor.default\">\n\t\t\t\t<div class=\"elementor-widget-container\">\n\t\t\t\t\t\t\t\t\t<p>Unser Team unterst\u00fctzt Sie vor Ort, um Effizienz zu gew\u00e4hrleisten und eventuelle Silikonprobleme zu l\u00f6sen.<\/p>\t\t\t\t\t\t\t\t<\/div>\n\t\t\t\t<\/div>\n\t\t\t\t<div class=\"elementor-element elementor-element-0b66d9b elementor-view-default elementor-widget elementor-widget-icon\" data-id=\"0b66d9b\" data-element_type=\"widget\" data-e-type=\"widget\" data-widget_type=\"icon.default\">\n\t\t\t\t<div class=\"elementor-widget-container\">\n\t\t\t\t\t\t\t<div class=\"elementor-icon-wrapper\">\n\t\t\t<a class=\"elementor-icon\" href=\"https:\/\/rysilicone.com\/de\/after-sales-service\/\">\n\t\t\t<svg aria-hidden=\"true\" class=\"e-font-icon-svg e-fas-long-arrow-alt-right\" viewbox=\"0 0 448 512\" xmlns=\"http:\/\/www.w3.org\/2000\/svg\"><path d=\"M313.941 216H12c-6.627 0-12 5.373-12 12v56c0 6.627 5.373 12 12 12h301.941v46.059c0 21.382 25.851 32.09 40.971 16.971l86.059-86.059c9.373-9.373 9.373-24.569 0-33.941l-86.059-86.059c-15.119-15.119-40.971-4.411-40.971 16.971V216z\"><\/path><\/svg>\t\t\t<\/a>\n\t\t<\/div>\n\t\t\t\t\t\t<\/div>\n\t\t\t\t<\/div>\n\t\t\t\t\t<\/div>\n\t\t<\/div>\n\t\t\t\t\t<\/div>\n\t\t<\/section>\n\t\t\t\t<\/div>","protected":false},"excerpt":{"rendered":"<p>A Streamlined Supply Chain: All-Round Services Turn your conception into Amazing Silicone product Our design\u00a0and manufacturing\u00a0teams provide extensive expertise to support you in defining your silicone products\u00a0project. We offer one-stop silicone manufacturing\u00a0services, backed by silicone\u00a0experts and more than 10 years of research\u00a0in the silicone\u00a0industry. Each individual service is specifically divided, and you will receive careful [&hellip;]<\/p>\n","protected":false},"author":1,"featured_media":0,"parent":0,"menu_order":0,"comment_status":"closed","ping_status":"closed","template":"","meta":{"footnotes":""},"class_list":["post-35","page","type-page","status-publish","hentry"],"_links":{"self":[{"href":"https:\/\/rysilicone.com\/de\/wp-json\/wp\/v2\/pages\/35","targetHints":{"allow":["GET"]}}],"collection":[{"href":"https:\/\/rysilicone.com\/de\/wp-json\/wp\/v2\/pages"}],"about":[{"href":"https:\/\/rysilicone.com\/de\/wp-json\/wp\/v2\/types\/page"}],"author":[{"embeddable":true,"href":"https:\/\/rysilicone.com\/de\/wp-json\/wp\/v2\/users\/1"}],"replies":[{"embeddable":true,"href":"https:\/\/rysilicone.com\/de\/wp-json\/wp\/v2\/comments?post=35"}],"version-history":[{"count":0,"href":"https:\/\/rysilicone.com\/de\/wp-json\/wp\/v2\/pages\/35\/revisions"}],"wp:attachment":[{"href":"https:\/\/rysilicone.com\/de\/wp-json\/wp\/v2\/media?parent=35"}],"curies":[{"name":"wp","href":"https:\/\/api.w.org\/{rel}","templated":true}]}}