{"id":2999,"date":"2023-02-13T17:06:09","date_gmt":"2023-02-13T09:06:09","guid":{"rendered":"https:\/\/rysilicone.com\/?post_type=product&#038;p=2999"},"modified":"2023-03-29T11:55:54","modified_gmt":"2023-03-29T03:55:54","slug":"silicone-mold-for-fondant","status":"publish","type":"product","link":"https:\/\/rysilicone.com\/de\/product\/silicone-mold-for-fondant\/","title":{"rendered":"Silikonform f\u00fcr Fondant"},"content":{"rendered":"<p>Werten Sie Ihre Kuchendekoration mit dieser Silikonform f\u00fcr Fondant auf. Diese Form aus lebensmittelechtem Silikon erm\u00f6glicht es Ihnen, Fondantdekorationen in verschiedenen Formen und Gr\u00f6\u00dfen zu erstellen, die Ihren Kuchen und Desserts ein wenig Eleganz verleihen. Diese Form ist einfach zu verwenden und zu reinigen und eine vielseitige Erg\u00e4nzung Ihres Kuchendekorationszubeh\u00f6rs. Sie stellt sicher, dass Sie jedes Mal perfekt geformte Fondantdekorationen erstellen k\u00f6nnen.<\/p>","protected":false},"excerpt":{"rendered":"<ul>\n<li>Erstellt Fondant-Dekorationen in verschiedenen Formen und Gr\u00f6\u00dfen<\/li>\n<li>Aus lebensmittelechtem Silikon<\/li>\n<li>Einfach zu bedienen und zu reinigen<\/li>\n<\/ul>","protected":false},"featured_media":3005,"template":"","meta":[],"product_brand":[],"product_cat":[35],"product_tag":[332],"class_list":{"0":"post-2999","1":"product","2":"type-product","3":"status-publish","4":"has-post-thumbnail","6":"product_cat-silicone-molds","7":"product_tag-silicone-mold-for-fondant","9":"first","10":"instock","11":"shipping-taxable","12":"product-type-simple"},"_links":{"self":[{"href":"https:\/\/rysilicone.com\/de\/wp-json\/wp\/v2\/product\/2999","targetHints":{"allow":["GET"]}}],"collection":[{"href":"https:\/\/rysilicone.com\/de\/wp-json\/wp\/v2\/product"}],"about":[{"href":"https:\/\/rysilicone.com\/de\/wp-json\/wp\/v2\/types\/product"}],"version-history":[{"count":0,"href":"https:\/\/rysilicone.com\/de\/wp-json\/wp\/v2\/product\/2999\/revisions"}],"wp:featuredmedia":[{"embeddable":true,"href":"https:\/\/rysilicone.com\/de\/wp-json\/wp\/v2\/media\/3005"}],"wp:attachment":[{"href":"https:\/\/rysilicone.com\/de\/wp-json\/wp\/v2\/media?parent=2999"}],"wp:term":[{"taxonomy":"product_brand","embeddable":true,"href":"https:\/\/rysilicone.com\/de\/wp-json\/wp\/v2\/product_brand?post=2999"},{"taxonomy":"product_cat","embeddable":true,"href":"https:\/\/rysilicone.com\/de\/wp-json\/wp\/v2\/product_cat?post=2999"},{"taxonomy":"product_tag","embeddable":true,"href":"https:\/\/rysilicone.com\/de\/wp-json\/wp\/v2\/product_tag?post=2999"}],"curies":[{"name":"wp","href":"https:\/\/api.w.org\/{rel}","templated":true}]}}