{"id":5117,"date":"2023-04-11T17:17:02","date_gmt":"2023-04-11T09:17:02","guid":{"rendered":"https:\/\/rysilicone.com\/?post_type=product&#038;p=5117"},"modified":"2023-04-11T17:21:07","modified_gmt":"2023-04-11T09:21:07","slug":"sparkling-star-push-pop-fidget-toy","status":"publish","type":"product","link":"https:\/\/rysilicone.com\/de\/product\/sparkling-star-push-pop-fidget-toy\/","title":{"rendered":"Funkelnder Stern Push Pop Zappelspielzeug"},"content":{"rendered":"<p>Bringen Sie mit diesem funkelnden Push-Pop-Zappelspielzeug in Sternform ein bisschen Magie in Ihr Zappeln! Es ist aus hochwertigem Silikon gefertigt und verf\u00fcgt \u00fcber ein einzigartiges Sterndesign mit einer Textur, die sich angenehm anfassen und knallen l\u00e4sst. Es ist kompakt und einfach zu verwenden und die perfekte M\u00f6glichkeit, Ihre Finger und Ihren Geist unterwegs zu besch\u00e4ftigen. Mit endlosem Spa\u00df beim Platzen der Blasen ist es das perfekte Werkzeug, um Stress und Angst abzubauen und Entspannung zu f\u00f6rdern.<\/p>","protected":false},"excerpt":{"rendered":"<ul>\n<li>Funkelndes Sternen-Design<\/li>\n<li>Einzigartige Textur f\u00fcr zus\u00e4tzliche sensorische Stimulation<\/li>\n<li>Kompakt und einfach zu bedienen<\/li>\n<li>Endloser Spa\u00df beim Platzen von Blasen<\/li>\n<\/ul>","protected":false},"featured_media":5120,"template":"","meta":[],"product_brand":[],"product_cat":[638],"product_tag":[660],"class_list":{"0":"post-5117","1":"product","2":"type-product","3":"status-publish","4":"has-post-thumbnail","6":"product_cat-silicone-pop-fidget-toy","7":"product_tag-sparkling-star-push-pop-fidget-toy","9":"first","10":"instock","11":"shipping-taxable","12":"product-type-simple"},"_links":{"self":[{"href":"https:\/\/rysilicone.com\/de\/wp-json\/wp\/v2\/product\/5117","targetHints":{"allow":["GET"]}}],"collection":[{"href":"https:\/\/rysilicone.com\/de\/wp-json\/wp\/v2\/product"}],"about":[{"href":"https:\/\/rysilicone.com\/de\/wp-json\/wp\/v2\/types\/product"}],"version-history":[{"count":0,"href":"https:\/\/rysilicone.com\/de\/wp-json\/wp\/v2\/product\/5117\/revisions"}],"wp:featuredmedia":[{"embeddable":true,"href":"https:\/\/rysilicone.com\/de\/wp-json\/wp\/v2\/media\/5120"}],"wp:attachment":[{"href":"https:\/\/rysilicone.com\/de\/wp-json\/wp\/v2\/media?parent=5117"}],"wp:term":[{"taxonomy":"product_brand","embeddable":true,"href":"https:\/\/rysilicone.com\/de\/wp-json\/wp\/v2\/product_brand?post=5117"},{"taxonomy":"product_cat","embeddable":true,"href":"https:\/\/rysilicone.com\/de\/wp-json\/wp\/v2\/product_cat?post=5117"},{"taxonomy":"product_tag","embeddable":true,"href":"https:\/\/rysilicone.com\/de\/wp-json\/wp\/v2\/product_tag?post=5117"}],"curies":[{"name":"wp","href":"https:\/\/api.w.org\/{rel}","templated":true}]}}