{"id":1984,"date":"2022-12-12T19:33:28","date_gmt":"2022-12-12T11:33:28","guid":{"rendered":"https:\/\/rysilicone.com\/?post_type=product&#038;p=1984"},"modified":"2023-04-03T14:53:08","modified_gmt":"2023-04-03T06:53:08","slug":"baby-fruit-feeder-silicone-pacifier","status":"publish","type":"product","link":"https:\/\/rysilicone.com\/es\/product\/baby-fruit-feeder-silicone-pacifier\/","title":{"rendered":"Chupete de silicona con alimentador de frutas para beb\u00e9"},"content":{"rendered":"<p>Nuestro chupete de silicona Baby Fruit Feeder est\u00e1 dise\u00f1ado para introducir de forma segura a su peque\u00f1o en el mundo de los alimentos s\u00f3lidos. Hecho de silicona de calidad alimentaria sin BPA, es suave y delicado con las sensibles enc\u00edas de su beb\u00e9. El dise\u00f1o f\u00e1cil de limpiar y el mango ajustable garantizan una experiencia sin complicaciones tanto para el beb\u00e9 como para los padres. \u00a1Dale a tu hijo un comienzo saludable con este innovador chupete!<\/p>","protected":false},"excerpt":{"rendered":"<ul>\n<li>Material de silicona suave y seguro<\/li>\n<li>Sin BPA y de calidad alimentaria<\/li>\n<li>Dise\u00f1o f\u00e1cil de limpiar<\/li>\n<li>Mango ajustable para un agarre c\u00f3modo<\/li>\n<\/ul>","protected":false},"featured_media":1985,"template":"","meta":[],"product_brand":[],"product_cat":[26],"product_tag":[233],"class_list":{"0":"post-1984","1":"product","2":"type-product","3":"status-publish","4":"has-post-thumbnail","6":"product_cat-silicone-pacifier","7":"product_tag-baby-fruit-feeder-silicone-pacifier","9":"first","10":"instock","11":"shipping-taxable","12":"product-type-simple"},"_links":{"self":[{"href":"https:\/\/rysilicone.com\/es\/wp-json\/wp\/v2\/product\/1984","targetHints":{"allow":["GET"]}}],"collection":[{"href":"https:\/\/rysilicone.com\/es\/wp-json\/wp\/v2\/product"}],"about":[{"href":"https:\/\/rysilicone.com\/es\/wp-json\/wp\/v2\/types\/product"}],"version-history":[{"count":0,"href":"https:\/\/rysilicone.com\/es\/wp-json\/wp\/v2\/product\/1984\/revisions"}],"wp:featuredmedia":[{"embeddable":true,"href":"https:\/\/rysilicone.com\/es\/wp-json\/wp\/v2\/media\/1985"}],"wp:attachment":[{"href":"https:\/\/rysilicone.com\/es\/wp-json\/wp\/v2\/media?parent=1984"}],"wp:term":[{"taxonomy":"product_brand","embeddable":true,"href":"https:\/\/rysilicone.com\/es\/wp-json\/wp\/v2\/product_brand?post=1984"},{"taxonomy":"product_cat","embeddable":true,"href":"https:\/\/rysilicone.com\/es\/wp-json\/wp\/v2\/product_cat?post=1984"},{"taxonomy":"product_tag","embeddable":true,"href":"https:\/\/rysilicone.com\/es\/wp-json\/wp\/v2\/product_tag?post=1984"}],"curies":[{"name":"gracias","href":"https:\/\/api.w.org\/{rel}","templated":true}]}}