{"id":2100,"date":"2022-12-13T17:54:06","date_gmt":"2022-12-13T09:54:06","guid":{"rendered":"https:\/\/rysilicone.com\/?post_type=product&#038;p=2100"},"modified":"2023-04-03T11:14:25","modified_gmt":"2023-04-03T03:14:25","slug":"china-baby-silicone-bib","status":"publish","type":"product","link":"https:\/\/rysilicone.com\/es\/product\/china-baby-silicone-bib\/","title":{"rendered":"China Babero del silic\u00f3n del beb\u00e9"},"content":{"rendered":"<p>Nuestros baberos de silicona para beb\u00e9s de China est\u00e1n elaborados con cuidado y precisi\u00f3n, utilizando silicona de alta calidad apta para uso alimentario para garantizar una experiencia de alimentaci\u00f3n segura y agradable. Estos baberos impermeables y resistentes a las manchas est\u00e1n dise\u00f1ados para mantener la ropa de su beb\u00e9 limpia y seca, mientras que el amplio bolsillo atrapa las part\u00edculas de comida perdidas. F\u00e1ciles de limpiar y mantener, nuestros baberos de silicona para beb\u00e9s de China son una opci\u00f3n pr\u00e1ctica y confiable para los padres que buscan simplificar la hora de comer.<\/p>","protected":false},"excerpt":{"rendered":"<ul>\n<li>Hecho en china<\/li>\n<li>Silicona de alta calidad y apta para uso alimentario<\/li>\n<li>Resistente al agua y a las manchas<\/li>\n<li>Bolsillo amplio y f\u00e1cil de limpiar.<\/li>\n<\/ul>","protected":false},"featured_media":2101,"template":"","meta":[],"product_brand":[],"product_cat":[29],"product_tag":[222],"class_list":{"0":"post-2100","1":"product","2":"type-product","3":"status-publish","4":"has-post-thumbnail","6":"product_cat-silicone-baby-bib","7":"product_tag-china-baby-silicone-bib","9":"first","10":"instock","11":"shipping-taxable","12":"product-type-simple"},"_links":{"self":[{"href":"https:\/\/rysilicone.com\/es\/wp-json\/wp\/v2\/product\/2100","targetHints":{"allow":["GET"]}}],"collection":[{"href":"https:\/\/rysilicone.com\/es\/wp-json\/wp\/v2\/product"}],"about":[{"href":"https:\/\/rysilicone.com\/es\/wp-json\/wp\/v2\/types\/product"}],"version-history":[{"count":0,"href":"https:\/\/rysilicone.com\/es\/wp-json\/wp\/v2\/product\/2100\/revisions"}],"wp:featuredmedia":[{"embeddable":true,"href":"https:\/\/rysilicone.com\/es\/wp-json\/wp\/v2\/media\/2101"}],"wp:attachment":[{"href":"https:\/\/rysilicone.com\/es\/wp-json\/wp\/v2\/media?parent=2100"}],"wp:term":[{"taxonomy":"product_brand","embeddable":true,"href":"https:\/\/rysilicone.com\/es\/wp-json\/wp\/v2\/product_brand?post=2100"},{"taxonomy":"product_cat","embeddable":true,"href":"https:\/\/rysilicone.com\/es\/wp-json\/wp\/v2\/product_cat?post=2100"},{"taxonomy":"product_tag","embeddable":true,"href":"https:\/\/rysilicone.com\/es\/wp-json\/wp\/v2\/product_tag?post=2100"}],"curies":[{"name":"gracias","href":"https:\/\/api.w.org\/{rel}","templated":true}]}}