{"id":2298,"date":"2022-12-15T15:15:50","date_gmt":"2022-12-15T07:15:50","guid":{"rendered":"https:\/\/rysilicone.com\/?post_type=product&#038;p=2298"},"modified":"2023-04-03T14:02:59","modified_gmt":"2023-04-03T06:02:59","slug":"baby-chew-toys-silicone-teether","status":"publish","type":"product","link":"https:\/\/rysilicone.com\/es\/product\/baby-chew-toys-silicone-teether\/","title":{"rendered":"Mordedor de silicona para juguetes para masticar beb\u00e9s"},"content":{"rendered":"<p>Nuestro mordedor de silicona Baby Chew Toys proporciona texturas atractivas para estimular los sentidos de su beb\u00e9 mientras alivia las molestias de la dentici\u00f3n. Hechos de silicona de calidad alimentaria y sin BPA, estos mordedores son seguros para que su peque\u00f1o los mastique. Para mayor alivio, se pueden colocar en el congelador antes de usarlos. Adem\u00e1s, son aptos para lavavajillas y f\u00e1ciles de limpiar, lo que los convierte en una opci\u00f3n c\u00f3moda e higi\u00e9nica para padres ocupados.<\/p>","protected":false},"excerpt":{"rendered":"<ul>\n<li>Texturas atractivas para la estimulaci\u00f3n sensorial.<\/li>\n<li>Hecho de silicona de calidad alimentaria sin BPA<\/li>\n<li>Apto para congelador para mayor alivio<\/li>\n<li>Apto para lavavajillas y f\u00e1cil de limpiar<\/li>\n<\/ul>","protected":false},"featured_media":2299,"template":"","meta":[],"product_brand":[],"product_cat":[30],"product_tag":[210],"class_list":{"0":"post-2298","1":"product","2":"type-product","3":"status-publish","4":"has-post-thumbnail","6":"product_cat-silicone-teether","7":"product_tag-baby-chew-toys-silicone-teether","9":"first","10":"instock","11":"shipping-taxable","12":"product-type-simple"},"_links":{"self":[{"href":"https:\/\/rysilicone.com\/es\/wp-json\/wp\/v2\/product\/2298","targetHints":{"allow":["GET"]}}],"collection":[{"href":"https:\/\/rysilicone.com\/es\/wp-json\/wp\/v2\/product"}],"about":[{"href":"https:\/\/rysilicone.com\/es\/wp-json\/wp\/v2\/types\/product"}],"version-history":[{"count":0,"href":"https:\/\/rysilicone.com\/es\/wp-json\/wp\/v2\/product\/2298\/revisions"}],"wp:featuredmedia":[{"embeddable":true,"href":"https:\/\/rysilicone.com\/es\/wp-json\/wp\/v2\/media\/2299"}],"wp:attachment":[{"href":"https:\/\/rysilicone.com\/es\/wp-json\/wp\/v2\/media?parent=2298"}],"wp:term":[{"taxonomy":"product_brand","embeddable":true,"href":"https:\/\/rysilicone.com\/es\/wp-json\/wp\/v2\/product_brand?post=2298"},{"taxonomy":"product_cat","embeddable":true,"href":"https:\/\/rysilicone.com\/es\/wp-json\/wp\/v2\/product_cat?post=2298"},{"taxonomy":"product_tag","embeddable":true,"href":"https:\/\/rysilicone.com\/es\/wp-json\/wp\/v2\/product_tag?post=2298"}],"curies":[{"name":"gracias","href":"https:\/\/api.w.org\/{rel}","templated":true}]}}