{"id":2495,"date":"2022-12-26T13:51:02","date_gmt":"2022-12-26T05:51:02","guid":{"rendered":"https:\/\/rysilicone.com\/?post_type=product&#038;p=2495"},"modified":"2023-04-03T14:17:37","modified_gmt":"2023-04-03T06:17:37","slug":"customizable-silicone-wristbands","status":"publish","type":"product","link":"https:\/\/rysilicone.com\/es\/product\/customizable-silicone-wristbands\/","title":{"rendered":"Pulseras de silicona personalizables"},"content":{"rendered":"<p>Crea la pulsera perfecta para tus necesidades con nuestras Pulseras de Silicona Personalizables. Agregue su propio texto, logotipos o dise\u00f1os para crear un accesorio \u00fanico para eventos, eventos para recaudar fondos o para mostrar esp\u00edritu de equipo. Fabricadas con material de silicona no t\u00f3xico de alta calidad, estas pulseras son seguras y c\u00f3modas de usar. Con una variedad de estilos y colores disponibles, nuestras pulseras de silicona personalizables son la elecci\u00f3n perfecta para accesorios personalizados.<\/p>","protected":false},"excerpt":{"rendered":"<ul>\n<li>A\u00f1ade tu propio texto, logotipos o dise\u00f1os<\/li>\n<li>Material de silicona no t\u00f3xico de alta calidad.<\/li>\n<li>Ideal para eventos, recaudaci\u00f3n de fondos o esp\u00edritu de equipo.<\/li>\n<li>Variedad de estilos y colores disponibles.<\/li>\n<\/ul>","protected":false},"featured_media":2496,"template":"","meta":[],"product_brand":[],"product_cat":[49],"product_tag":[192],"class_list":{"0":"post-2495","1":"product","2":"type-product","3":"status-publish","4":"has-post-thumbnail","6":"product_cat-silicone-wristband","7":"product_tag-customizable-silicone-wristbands","9":"first","10":"instock","11":"shipping-taxable","12":"product-type-simple"},"_links":{"self":[{"href":"https:\/\/rysilicone.com\/es\/wp-json\/wp\/v2\/product\/2495","targetHints":{"allow":["GET"]}}],"collection":[{"href":"https:\/\/rysilicone.com\/es\/wp-json\/wp\/v2\/product"}],"about":[{"href":"https:\/\/rysilicone.com\/es\/wp-json\/wp\/v2\/types\/product"}],"version-history":[{"count":0,"href":"https:\/\/rysilicone.com\/es\/wp-json\/wp\/v2\/product\/2495\/revisions"}],"wp:featuredmedia":[{"embeddable":true,"href":"https:\/\/rysilicone.com\/es\/wp-json\/wp\/v2\/media\/2496"}],"wp:attachment":[{"href":"https:\/\/rysilicone.com\/es\/wp-json\/wp\/v2\/media?parent=2495"}],"wp:term":[{"taxonomy":"product_brand","embeddable":true,"href":"https:\/\/rysilicone.com\/es\/wp-json\/wp\/v2\/product_brand?post=2495"},{"taxonomy":"product_cat","embeddable":true,"href":"https:\/\/rysilicone.com\/es\/wp-json\/wp\/v2\/product_cat?post=2495"},{"taxonomy":"product_tag","embeddable":true,"href":"https:\/\/rysilicone.com\/es\/wp-json\/wp\/v2\/product_tag?post=2495"}],"curies":[{"name":"gracias","href":"https:\/\/api.w.org\/{rel}","templated":true}]}}