{"id":4144,"date":"2023-03-13T16:08:52","date_gmt":"2023-03-13T08:08:52","guid":{"rendered":"https:\/\/rysilicone.com\/?post_type=product&#038;p=4144"},"modified":"2023-04-03T11:44:31","modified_gmt":"2023-04-03T03:44:31","slug":"pochi-silicone-coin-purse","status":"publish","type":"product","link":"https:\/\/rysilicone.com\/es\/product\/pochi-silicone-coin-purse\/","title":{"rendered":"Monedero de silicona Pochi"},"content":{"rendered":"<p>Presentamos nuestro monedero de silicona Pochi, que presenta el dise\u00f1o cl\u00e1sico de Pochi que es a la vez elegante y pr\u00e1ctico. Fabricado con silicona flexible y f\u00e1cil de limpiar, este monedero es perfecto para guardar monedas, llaves y otros objetos peque\u00f1os. La boca de amplia apertura permite un f\u00e1cil acceso a sus pertenencias, mientras que el resistente cierre a presi\u00f3n garantiza que todo permanezca seguro. Elija un monedero de silicona Pochi para obtener un accesorio moderno y funcional.<\/p>","protected":false},"excerpt":{"rendered":"<ul>\n<li>Dise\u00f1o cl\u00e1sico de Pochi.<\/li>\n<li>Silicona flexible y f\u00e1cil de limpiar.<\/li>\n<li>Boca de amplia apertura para f\u00e1cil acceso.<\/li>\n<li>Cierre a presi\u00f3n resistente<\/li>\n<\/ul>","protected":false},"featured_media":4147,"template":"","meta":[],"product_brand":[],"product_cat":[449],"product_tag":[459],"class_list":{"0":"post-4144","1":"product","2":"type-product","3":"status-publish","4":"has-post-thumbnail","6":"product_cat-silicone-coin-purse","7":"product_tag-pochi-silicone-coin-purse","9":"first","10":"instock","11":"shipping-taxable","12":"product-type-simple"},"_links":{"self":[{"href":"https:\/\/rysilicone.com\/es\/wp-json\/wp\/v2\/product\/4144","targetHints":{"allow":["GET"]}}],"collection":[{"href":"https:\/\/rysilicone.com\/es\/wp-json\/wp\/v2\/product"}],"about":[{"href":"https:\/\/rysilicone.com\/es\/wp-json\/wp\/v2\/types\/product"}],"version-history":[{"count":0,"href":"https:\/\/rysilicone.com\/es\/wp-json\/wp\/v2\/product\/4144\/revisions"}],"wp:featuredmedia":[{"embeddable":true,"href":"https:\/\/rysilicone.com\/es\/wp-json\/wp\/v2\/media\/4147"}],"wp:attachment":[{"href":"https:\/\/rysilicone.com\/es\/wp-json\/wp\/v2\/media?parent=4144"}],"wp:term":[{"taxonomy":"product_brand","embeddable":true,"href":"https:\/\/rysilicone.com\/es\/wp-json\/wp\/v2\/product_brand?post=4144"},{"taxonomy":"product_cat","embeddable":true,"href":"https:\/\/rysilicone.com\/es\/wp-json\/wp\/v2\/product_cat?post=4144"},{"taxonomy":"product_tag","embeddable":true,"href":"https:\/\/rysilicone.com\/es\/wp-json\/wp\/v2\/product_tag?post=4144"}],"curies":[{"name":"gracias","href":"https:\/\/api.w.org\/{rel}","templated":true}]}}