{"id":5098,"date":"2023-04-11T17:05:57","date_gmt":"2023-04-11T09:05:57","guid":{"rendered":"https:\/\/rysilicone.com\/?post_type=product&#038;p=5098"},"modified":"2023-04-11T17:05:57","modified_gmt":"2023-04-11T09:05:57","slug":"delightful-heart-shaped-push-pop-fidget-toy","status":"publish","type":"product","link":"https:\/\/rysilicone.com\/es\/product\/delightful-heart-shaped-push-pop-fidget-toy\/","title":{"rendered":"Delicioso juguete Push Pop Fidget en forma de coraz\u00f3n"},"content":{"rendered":"<p>\u00a1Experimenta el amor y la felicidad con cada estallido de este encantador juguete antiestr\u00e9s con forma de coraz\u00f3n! Hecho de silicona duradera, cuenta con un dise\u00f1o \u00fanico en forma de coraz\u00f3n con burbujas elevadas para mayor textura y estimulaci\u00f3n sensorial. Ideal para todas las edades y f\u00e1cil de usar, es la herramienta perfecta para aliviar el estr\u00e9s, la ansiedad y promover la relajaci\u00f3n. Ya sea que est\u00e9s en casa o de viaje, este juguete inquietante seguramente te har\u00e1 sonre\u00edr.<\/p>","protected":false},"excerpt":{"rendered":"<ul>\n<li>Dise\u00f1o en forma de coraz\u00f3n para darle un toque lindo<\/li>\n<li>Burbujas elevadas para mayor textura.<\/li>\n<li>F\u00e1cil de usar y perfecto para todas las edades.<\/li>\n<li>Material de silicona resistente y duradero<\/li>\n<\/ul>","protected":false},"featured_media":5099,"template":"","meta":[],"product_brand":[],"product_cat":[638],"product_tag":[648],"class_list":{"0":"post-5098","1":"product","2":"type-product","3":"status-publish","4":"has-post-thumbnail","6":"product_cat-silicone-pop-fidget-toy","7":"product_tag-delightful-heart-shaped-push-pop-fidget-toy","9":"first","10":"instock","11":"shipping-taxable","12":"product-type-simple"},"_links":{"self":[{"href":"https:\/\/rysilicone.com\/es\/wp-json\/wp\/v2\/product\/5098","targetHints":{"allow":["GET"]}}],"collection":[{"href":"https:\/\/rysilicone.com\/es\/wp-json\/wp\/v2\/product"}],"about":[{"href":"https:\/\/rysilicone.com\/es\/wp-json\/wp\/v2\/types\/product"}],"version-history":[{"count":0,"href":"https:\/\/rysilicone.com\/es\/wp-json\/wp\/v2\/product\/5098\/revisions"}],"wp:featuredmedia":[{"embeddable":true,"href":"https:\/\/rysilicone.com\/es\/wp-json\/wp\/v2\/media\/5099"}],"wp:attachment":[{"href":"https:\/\/rysilicone.com\/es\/wp-json\/wp\/v2\/media?parent=5098"}],"wp:term":[{"taxonomy":"product_brand","embeddable":true,"href":"https:\/\/rysilicone.com\/es\/wp-json\/wp\/v2\/product_brand?post=5098"},{"taxonomy":"product_cat","embeddable":true,"href":"https:\/\/rysilicone.com\/es\/wp-json\/wp\/v2\/product_cat?post=5098"},{"taxonomy":"product_tag","embeddable":true,"href":"https:\/\/rysilicone.com\/es\/wp-json\/wp\/v2\/product_tag?post=5098"}],"curies":[{"name":"gracias","href":"https:\/\/api.w.org\/{rel}","templated":true}]}}