{"id":2516,"date":"2022-12-26T14:00:05","date_gmt":"2022-12-26T06:00:05","guid":{"rendered":"https:\/\/rysilicone.com\/?post_type=product&#038;p=2516"},"modified":"2025-04-15T16:46:08","modified_gmt":"2025-04-15T08:46:08","slug":"wholesale-personalized-reusable-silicone-wristbands","status":"publish","type":"product","link":"https:\/\/rysilicone.com\/fr\/product\/wholesale-personalized-reusable-silicone-wristbands\/","title":{"rendered":"Vente en gros Bracelets En Silicone R\u00e9utilisables Personnalis\u00e9s"},"content":{"rendered":"<p>\u00c9conomisez sur vos commandes group\u00e9es avec nos bracelets en silicone r\u00e9utilisables personnalis\u00e9s en gros. Offrant des prix de gros attractifs, ces bracelets peuvent \u00eatre personnalis\u00e9s avec votre texte, votre logo ou votre design pour cr\u00e9er un accessoire unique pour des \u00e9v\u00e9nements, des promotions ou des efforts de collecte de fonds. R\u00e9utilisables et respectueux de l&#039;environnement, nos bracelets en silicone constituent un choix durable qui peut \u00eatre utilis\u00e9 maintes et maintes fois. Choisissez nos bracelets en silicone r\u00e9utilisables personnalis\u00e9s en gros pour une solution rentable et personnalisable.<\/p>","protected":false},"excerpt":{"rendered":"<ul>\n<li>Prix de gros attractifs<\/li>\n<li>Personnalisez avec votre texte, logo ou design<\/li>\n<li>R\u00e9utilisable et \u00e9cologique<\/li>\n<li>Id\u00e9al pour les \u00e9v\u00e9nements, les promotions ou les collectes de fonds<\/li>\n<\/ul>","protected":false},"featured_media":2517,"template":"","meta":[],"product_brand":[],"product_cat":[793,49],"product_tag":[198],"class_list":{"0":"post-2516","1":"product","2":"type-product","3":"status-publish","4":"has-post-thumbnail","6":"product_cat-hot-sale","7":"product_cat-silicone-wristband","8":"product_tag-wholesale-personalized-reusable-silicone-wristbands","10":"first","11":"instock","12":"shipping-taxable","13":"product-type-simple"},"_links":{"self":[{"href":"https:\/\/rysilicone.com\/fr\/wp-json\/wp\/v2\/product\/2516","targetHints":{"allow":["GET"]}}],"collection":[{"href":"https:\/\/rysilicone.com\/fr\/wp-json\/wp\/v2\/product"}],"about":[{"href":"https:\/\/rysilicone.com\/fr\/wp-json\/wp\/v2\/types\/product"}],"version-history":[{"count":0,"href":"https:\/\/rysilicone.com\/fr\/wp-json\/wp\/v2\/product\/2516\/revisions"}],"wp:featuredmedia":[{"embeddable":true,"href":"https:\/\/rysilicone.com\/fr\/wp-json\/wp\/v2\/media\/2517"}],"wp:attachment":[{"href":"https:\/\/rysilicone.com\/fr\/wp-json\/wp\/v2\/media?parent=2516"}],"wp:term":[{"taxonomy":"product_brand","embeddable":true,"href":"https:\/\/rysilicone.com\/fr\/wp-json\/wp\/v2\/product_brand?post=2516"},{"taxonomy":"product_cat","embeddable":true,"href":"https:\/\/rysilicone.com\/fr\/wp-json\/wp\/v2\/product_cat?post=2516"},{"taxonomy":"product_tag","embeddable":true,"href":"https:\/\/rysilicone.com\/fr\/wp-json\/wp\/v2\/product_tag?post=2516"}],"curies":[{"name":"wp","href":"https:\/\/api.w.org\/{rel}","templated":true}]}}