{"id":4718,"date":"2023-03-28T11:03:23","date_gmt":"2023-03-28T03:03:23","guid":{"rendered":"https:\/\/rysilicone.com\/?post_type=product&#038;p=4718"},"modified":"2023-04-03T10:59:45","modified_gmt":"2023-04-03T02:59:45","slug":"best-menstrual-cup","status":"publish","type":"product","link":"https:\/\/rysilicone.com\/fr\/product\/best-menstrual-cup\/","title":{"rendered":"Meilleure coupe menstruelle"},"content":{"rendered":"<p>Notre meilleure coupe menstruelle est une option haut de gamme pour celles qui recherchent un moyen confortable, r\u00e9utilisable et \u00e9cologique de g\u00e9rer leur flux menstruel. Fabriqu\u00e9 \u00e0 partir de silicone de qualit\u00e9 m\u00e9dicale, il est facile \u00e0 ins\u00e9rer et \u00e0 retirer, et sa conception \u00e9tanche vous garantit de rester propre et sec toute la journ\u00e9e.<\/p>","protected":false},"excerpt":{"rendered":"<ul>\n<li>Fabriqu\u00e9 \u00e0 partir de silicone de qualit\u00e9 m\u00e9dicale<\/li>\n<li>Confortable, r\u00e9utilisable et \u00e9cologique<\/li>\n<li>Conception \u00e9tanche pour une protection maximale<\/li>\n<li>Facile \u00e0 ins\u00e9rer et \u00e0 retirer<\/li>\n<\/ul>","protected":false},"featured_media":4719,"template":"","meta":[],"product_brand":[],"product_cat":[578],"product_tag":[579],"class_list":{"0":"post-4718","1":"product","2":"type-product","3":"status-publish","4":"has-post-thumbnail","6":"product_cat-menstrual-cup","7":"product_tag-best-menstrual-cup","9":"first","10":"instock","11":"shipping-taxable","12":"product-type-simple"},"_links":{"self":[{"href":"https:\/\/rysilicone.com\/fr\/wp-json\/wp\/v2\/product\/4718","targetHints":{"allow":["GET"]}}],"collection":[{"href":"https:\/\/rysilicone.com\/fr\/wp-json\/wp\/v2\/product"}],"about":[{"href":"https:\/\/rysilicone.com\/fr\/wp-json\/wp\/v2\/types\/product"}],"version-history":[{"count":0,"href":"https:\/\/rysilicone.com\/fr\/wp-json\/wp\/v2\/product\/4718\/revisions"}],"wp:featuredmedia":[{"embeddable":true,"href":"https:\/\/rysilicone.com\/fr\/wp-json\/wp\/v2\/media\/4719"}],"wp:attachment":[{"href":"https:\/\/rysilicone.com\/fr\/wp-json\/wp\/v2\/media?parent=4718"}],"wp:term":[{"taxonomy":"product_brand","embeddable":true,"href":"https:\/\/rysilicone.com\/fr\/wp-json\/wp\/v2\/product_brand?post=4718"},{"taxonomy":"product_cat","embeddable":true,"href":"https:\/\/rysilicone.com\/fr\/wp-json\/wp\/v2\/product_cat?post=4718"},{"taxonomy":"product_tag","embeddable":true,"href":"https:\/\/rysilicone.com\/fr\/wp-json\/wp\/v2\/product_tag?post=4718"}],"curies":[{"name":"wp","href":"https:\/\/api.w.org\/{rel}","templated":true}]}}