{"id":3822,"date":"2023-03-01T14:40:21","date_gmt":"2023-03-01T06:40:21","guid":{"rendered":"https:\/\/rysilicone.com\/?post_type=product&#038;p=3822"},"modified":"2023-03-29T18:22:42","modified_gmt":"2023-03-29T10:22:42","slug":"mess-free-silicone-mat-for-crafting","status":"publish","type":"product","link":"https:\/\/rysilicone.com\/no\/product\/mess-free-silicone-mat-for-crafting\/","title":{"rendered":"Rotfri silikonmatte for h\u00e5ndverk"},"content":{"rendered":"<p>Lag uten s\u00f8l med v\u00e5r rotfrie silikonmatte for h\u00e5ndverk. Den ikke-klebende overflaten s\u00f8rger for enkel frigj\u00f8ring av lim og maling, mens det fleksible materialet gj\u00f8r det enkelt \u00e5 oppbevare n\u00e5r det ikke er i bruk. Opprydding er en lek; bare t\u00f8rk eller skyll med vann for \u00e5 fjerne eventuelle rester. Laget av slitesterkt materiale, er denne matten bygget for \u00e5 vare og vil v\u00e6re et verdifullt tillegg til enhver h\u00e5ndverkers arbeidsplass.<\/p>","protected":false},"excerpt":{"rendered":"<ul>\n<li>Non-stick overflate for enkel l\u00f8sgj\u00f8ring av lim og maling<\/li>\n<li>Fleksibel og enkel \u00e5 oppbevare<\/li>\n<li>Enkel \u00e5 rengj\u00f8re, bare t\u00f8rk eller skyll med vann<\/li>\n<li>Slitesterkt materiale for langvarig bruk<\/li>\n<\/ul>\n<p>&nbsp;<\/p>","protected":false},"featured_media":3824,"template":"","meta":[],"product_brand":[],"product_cat":[446],"product_tag":[422],"class_list":{"0":"post-3822","1":"product","2":"type-product","3":"status-publish","4":"has-post-thumbnail","6":"product_cat-silicone-mat","7":"product_tag-mess-free-silicone-mat-for-crafting","9":"first","10":"instock","11":"shipping-taxable","12":"product-type-simple"},"_links":{"self":[{"href":"https:\/\/rysilicone.com\/no\/wp-json\/wp\/v2\/product\/3822","targetHints":{"allow":["GET"]}}],"collection":[{"href":"https:\/\/rysilicone.com\/no\/wp-json\/wp\/v2\/product"}],"about":[{"href":"https:\/\/rysilicone.com\/no\/wp-json\/wp\/v2\/types\/product"}],"version-history":[{"count":0,"href":"https:\/\/rysilicone.com\/no\/wp-json\/wp\/v2\/product\/3822\/revisions"}],"wp:featuredmedia":[{"embeddable":true,"href":"https:\/\/rysilicone.com\/no\/wp-json\/wp\/v2\/media\/3824"}],"wp:attachment":[{"href":"https:\/\/rysilicone.com\/no\/wp-json\/wp\/v2\/media?parent=3822"}],"wp:term":[{"taxonomy":"product_brand","embeddable":true,"href":"https:\/\/rysilicone.com\/no\/wp-json\/wp\/v2\/product_brand?post=3822"},{"taxonomy":"product_cat","embeddable":true,"href":"https:\/\/rysilicone.com\/no\/wp-json\/wp\/v2\/product_cat?post=3822"},{"taxonomy":"product_tag","embeddable":true,"href":"https:\/\/rysilicone.com\/no\/wp-json\/wp\/v2\/product_tag?post=3822"}],"curies":[{"name":"wp","href":"https:\/\/api.w.org\/{rel}","templated":true}]}}