{"id":4152,"date":"2023-03-13T16:10:53","date_gmt":"2023-03-13T08:10:53","guid":{"rendered":"https:\/\/rysilicone.com\/?post_type=product&#038;p=4152"},"modified":"2023-04-03T11:44:46","modified_gmt":"2023-04-03T03:44:46","slug":"pusheen-silicone-coin-purse","status":"publish","type":"product","link":"https:\/\/rysilicone.com\/no\/product\/pusheen-silicone-coin-purse\/","title":{"rendered":"Pusheen silikon myntpung"},"content":{"rendered":"<p>Vis frem din kj\u00e6rlighet til Pusheen med v\u00e5r sjarmerende Pusheen silikonmyntpung. Med s\u00f8te Pusheen-tema-design, er denne myntvesken laget av mykt og slitesterkt silikonmateriale som er lett \u00e5 rengj\u00f8re. Den kompakte og b\u00e6rbare st\u00f8rrelsen gj\u00f8r den perfekt for oppbevaring av mynter, n\u00f8kler og andre sm\u00e5saker.<\/p>","protected":false},"excerpt":{"rendered":"<ul>\n<li>Bed\u00e5rende design med Pusheen-tema<\/li>\n<li>Mykt og slitesterkt silikonmateriale<\/li>\n<li>Kompakt og b\u00e6rbar<\/li>\n<li>Sikker glidel\u00e5slukking<\/li>\n<\/ul>","protected":false},"featured_media":4155,"template":"","meta":[],"product_brand":[],"product_cat":[449],"product_tag":[461],"class_list":{"0":"post-4152","1":"product","2":"type-product","3":"status-publish","4":"has-post-thumbnail","6":"product_cat-silicone-coin-purse","7":"product_tag-pusheen-silicone-coin-purse","9":"first","10":"instock","11":"shipping-taxable","12":"product-type-simple"},"_links":{"self":[{"href":"https:\/\/rysilicone.com\/no\/wp-json\/wp\/v2\/product\/4152","targetHints":{"allow":["GET"]}}],"collection":[{"href":"https:\/\/rysilicone.com\/no\/wp-json\/wp\/v2\/product"}],"about":[{"href":"https:\/\/rysilicone.com\/no\/wp-json\/wp\/v2\/types\/product"}],"version-history":[{"count":0,"href":"https:\/\/rysilicone.com\/no\/wp-json\/wp\/v2\/product\/4152\/revisions"}],"wp:featuredmedia":[{"embeddable":true,"href":"https:\/\/rysilicone.com\/no\/wp-json\/wp\/v2\/media\/4155"}],"wp:attachment":[{"href":"https:\/\/rysilicone.com\/no\/wp-json\/wp\/v2\/media?parent=4152"}],"wp:term":[{"taxonomy":"product_brand","embeddable":true,"href":"https:\/\/rysilicone.com\/no\/wp-json\/wp\/v2\/product_brand?post=4152"},{"taxonomy":"product_cat","embeddable":true,"href":"https:\/\/rysilicone.com\/no\/wp-json\/wp\/v2\/product_cat?post=4152"},{"taxonomy":"product_tag","embeddable":true,"href":"https:\/\/rysilicone.com\/no\/wp-json\/wp\/v2\/product_tag?post=4152"}],"curies":[{"name":"wp","href":"https:\/\/api.w.org\/{rel}","templated":true}]}}