{"id":2920,"date":"2023-02-13T16:34:55","date_gmt":"2023-02-13T08:34:55","guid":{"rendered":"https:\/\/rysilicone.com\/?post_type=product&#038;p=2920"},"modified":"2023-03-29T11:52:04","modified_gmt":"2023-03-29T03:52:04","slug":"round-silicone-cake-mold","status":"publish","type":"product","link":"https:\/\/rysilicone.com\/pt\/product\/round-silicone-cake-mold\/","title":{"rendered":"Molde redondo de silicone para bolo"},"content":{"rendered":"<p>Crie bolos redondos e produtos assados com formato perfeito com este molde redondo de silicone para bolo. Feito de silicone de qualidade alimentar, este molde \u00e9 flex\u00edvel e antiaderente, garantindo que seus produtos assados fiquem sempre com formato perfeito. F\u00e1cil de usar e limpar, este molde \u00e9 perfeito para fazer bolos, p\u00e3es e muito mais para ocasi\u00f5es especiais ou para assar no dia a dia.<\/p>","protected":false},"excerpt":{"rendered":"<ul>\n<li>Cria bolos redondos e assados<\/li>\n<li>Feito de silicone de qualidade alimentar<\/li>\n<li>Facil de usar e limpar<\/li>\n<\/ul>","protected":false},"featured_media":2922,"template":"","meta":[],"product_brand":[],"product_cat":[35],"product_tag":[298],"class_list":{"0":"post-2920","1":"product","2":"type-product","3":"status-publish","4":"has-post-thumbnail","6":"product_cat-silicone-molds","7":"product_tag-round-silicone-cake-mold","9":"first","10":"instock","11":"shipping-taxable","12":"product-type-simple"},"_links":{"self":[{"href":"https:\/\/rysilicone.com\/pt\/wp-json\/wp\/v2\/product\/2920","targetHints":{"allow":["GET"]}}],"collection":[{"href":"https:\/\/rysilicone.com\/pt\/wp-json\/wp\/v2\/product"}],"about":[{"href":"https:\/\/rysilicone.com\/pt\/wp-json\/wp\/v2\/types\/product"}],"version-history":[{"count":0,"href":"https:\/\/rysilicone.com\/pt\/wp-json\/wp\/v2\/product\/2920\/revisions"}],"wp:featuredmedia":[{"embeddable":true,"href":"https:\/\/rysilicone.com\/pt\/wp-json\/wp\/v2\/media\/2922"}],"wp:attachment":[{"href":"https:\/\/rysilicone.com\/pt\/wp-json\/wp\/v2\/media?parent=2920"}],"wp:term":[{"taxonomy":"product_brand","embeddable":true,"href":"https:\/\/rysilicone.com\/pt\/wp-json\/wp\/v2\/product_brand?post=2920"},{"taxonomy":"product_cat","embeddable":true,"href":"https:\/\/rysilicone.com\/pt\/wp-json\/wp\/v2\/product_cat?post=2920"},{"taxonomy":"product_tag","embeddable":true,"href":"https:\/\/rysilicone.com\/pt\/wp-json\/wp\/v2\/product_tag?post=2920"}],"curies":[{"name":"wp","href":"https:\/\/api.w.org\/{rel}","templated":true}]}}