{"id":4435,"date":"2023-03-22T14:48:32","date_gmt":"2023-03-22T06:48:32","guid":{"rendered":"https:\/\/rysilicone.com\/?post_type=product&#038;p=4435"},"modified":"2023-03-30T15:28:29","modified_gmt":"2023-03-30T07:28:29","slug":"best-silicone-suction-plates","status":"publish","type":"product","link":"https:\/\/rysilicone.com\/pt\/product\/best-silicone-suction-plates\/","title":{"rendered":"Melhores placas de suc\u00e7\u00e3o de silicone"},"content":{"rendered":"<p>Torne a hora das refei\u00e7\u00f5es mais tranquila com nossas placas de suc\u00e7\u00e3o de silicone de alta qualidade. Essas placas possuem uma forte base de suc\u00e7\u00e3o que adere com seguran\u00e7a a qualquer superf\u00edcie lisa, evitando derramamentos e tombamento das placas. Os compartimentos seccionados ajudam a manter os alimentos separados, enquanto a aba de f\u00e1cil libera\u00e7\u00e3o permite uma remo\u00e7\u00e3o r\u00e1pida. Feitos de silicone dur\u00e1vel e flex\u00edvel, esses pratos duram in\u00fameras refei\u00e7\u00f5es.<\/p>","protected":false},"excerpt":{"rendered":"<ul>\n<li>Base de suc\u00e7\u00e3o forte<\/li>\n<li>Compartimentos seccionados<\/li>\n<li>Guia de libera\u00e7\u00e3o f\u00e1cil<\/li>\n<li>Material dur\u00e1vel e flex\u00edvel<\/li>\n<\/ul>","protected":false},"featured_media":4436,"template":"","meta":[],"product_brand":[],"product_cat":[499],"product_tag":[506],"class_list":{"0":"post-4435","1":"product","2":"type-product","3":"status-publish","4":"has-post-thumbnail","6":"product_cat-silicone-plate","7":"product_tag-best-silicone-suction-plates","9":"first","10":"instock","11":"shipping-taxable","12":"product-type-simple"},"_links":{"self":[{"href":"https:\/\/rysilicone.com\/pt\/wp-json\/wp\/v2\/product\/4435","targetHints":{"allow":["GET"]}}],"collection":[{"href":"https:\/\/rysilicone.com\/pt\/wp-json\/wp\/v2\/product"}],"about":[{"href":"https:\/\/rysilicone.com\/pt\/wp-json\/wp\/v2\/types\/product"}],"version-history":[{"count":0,"href":"https:\/\/rysilicone.com\/pt\/wp-json\/wp\/v2\/product\/4435\/revisions"}],"wp:featuredmedia":[{"embeddable":true,"href":"https:\/\/rysilicone.com\/pt\/wp-json\/wp\/v2\/media\/4436"}],"wp:attachment":[{"href":"https:\/\/rysilicone.com\/pt\/wp-json\/wp\/v2\/media?parent=4435"}],"wp:term":[{"taxonomy":"product_brand","embeddable":true,"href":"https:\/\/rysilicone.com\/pt\/wp-json\/wp\/v2\/product_brand?post=4435"},{"taxonomy":"product_cat","embeddable":true,"href":"https:\/\/rysilicone.com\/pt\/wp-json\/wp\/v2\/product_cat?post=4435"},{"taxonomy":"product_tag","embeddable":true,"href":"https:\/\/rysilicone.com\/pt\/wp-json\/wp\/v2\/product_tag?post=4435"}],"curies":[{"name":"wp","href":"https:\/\/api.w.org\/{rel}","templated":true}]}}