{"id":4735,"date":"2023-03-28T11:08:28","date_gmt":"2023-03-28T03:08:28","guid":{"rendered":"https:\/\/rysilicone.com\/?post_type=product&#038;p=4735"},"modified":"2023-04-03T10:59:41","modified_gmt":"2023-04-03T02:59:41","slug":"disposable-menstrual-cup-leakproof","status":"publish","type":"product","link":"https:\/\/rysilicone.com\/pt\/product\/disposable-menstrual-cup-leakproof\/","title":{"rendered":"Copo menstrual descart\u00e1vel \u00e0 prova de vazamentos"},"content":{"rendered":"<p>Nosso copo menstrual descart\u00e1vel \u00e0 prova de vazamentos \u00e9 perfeito para quem deseja a comodidade de uma op\u00e7\u00e3o descart\u00e1vel, mas ainda deseja os benef\u00edcios de um copo menstrual. Seu design \u00e0 prova de vazamentos garante prote\u00e7\u00e3o m\u00e1xima, enquanto seu recurso descart\u00e1vel facilita o uso e o descarte.<\/p>","protected":false},"excerpt":{"rendered":"<ul>\n<li>Design descart\u00e1vel para maior comodidade<\/li>\n<li>\u00c0 prova de vazamentos para prote\u00e7\u00e3o m\u00e1xima<\/li>\n<li>F\u00e1cil de usar e jogar fora<\/li>\n<\/ul>","protected":false},"featured_media":4736,"template":"","meta":[],"product_brand":[],"product_cat":[578],"product_tag":[585],"class_list":{"0":"post-4735","1":"product","2":"type-product","3":"status-publish","4":"has-post-thumbnail","6":"product_cat-menstrual-cup","7":"product_tag-disposable-menstrual-cup-leakproof","9":"first","10":"instock","11":"shipping-taxable","12":"product-type-simple"},"_links":{"self":[{"href":"https:\/\/rysilicone.com\/pt\/wp-json\/wp\/v2\/product\/4735","targetHints":{"allow":["GET"]}}],"collection":[{"href":"https:\/\/rysilicone.com\/pt\/wp-json\/wp\/v2\/product"}],"about":[{"href":"https:\/\/rysilicone.com\/pt\/wp-json\/wp\/v2\/types\/product"}],"version-history":[{"count":0,"href":"https:\/\/rysilicone.com\/pt\/wp-json\/wp\/v2\/product\/4735\/revisions"}],"wp:featuredmedia":[{"embeddable":true,"href":"https:\/\/rysilicone.com\/pt\/wp-json\/wp\/v2\/media\/4736"}],"wp:attachment":[{"href":"https:\/\/rysilicone.com\/pt\/wp-json\/wp\/v2\/media?parent=4735"}],"wp:term":[{"taxonomy":"product_brand","embeddable":true,"href":"https:\/\/rysilicone.com\/pt\/wp-json\/wp\/v2\/product_brand?post=4735"},{"taxonomy":"product_cat","embeddable":true,"href":"https:\/\/rysilicone.com\/pt\/wp-json\/wp\/v2\/product_cat?post=4735"},{"taxonomy":"product_tag","embeddable":true,"href":"https:\/\/rysilicone.com\/pt\/wp-json\/wp\/v2\/product_tag?post=4735"}],"curies":[{"name":"wp","href":"https:\/\/api.w.org\/{rel}","templated":true}]}}