{"id":4754,"date":"2023-03-28T11:16:41","date_gmt":"2023-03-28T03:16:41","guid":{"rendered":"https:\/\/rysilicone.com\/?post_type=product&#038;p=4754"},"modified":"2024-10-17T18:15:56","modified_gmt":"2024-10-17T10:15:56","slug":"new-silicone-folding-menstrual-cup","status":"publish","type":"product","link":"https:\/\/rysilicone.com\/pt\/product\/new-silicone-folding-menstrual-cup\/","title":{"rendered":"Novo copo menstrual dobr\u00e1vel de silicone"},"content":{"rendered":"<p>Nosso novo copo menstrual dobr\u00e1vel de silicone \u00e9 perfeito para quem est\u00e1 sempre em movimento, pois se dobra em um tamanho compacto para f\u00e1cil armazenamento e transporte. Feito de <a href=\"https:\/\/rysilicone.com\/pt\/medical-grade-silicone\/\" target=\"_blank\" rel=\"noopener\" data-wpil-monitor-id=\"129\">silicone de grau m\u00e9dico<\/a>, \u00e9 confort\u00e1vel e f\u00e1cil de usar, e seu design \u00e0 prova de vazamentos garante prote\u00e7\u00e3o m\u00e1xima.<\/p>","protected":false},"excerpt":{"rendered":"<ul>\n<li>Design dobr\u00e1vel para f\u00e1cil armazenamento e transporte<\/li>\n<li>Feito de <a href=\"https:\/\/rysilicone.com\/pt\/medical-grade-silicone\/\" target=\"_blank\" rel=\"noopener\" data-wpil-monitor-id=\"130\">silicone de grau m\u00e9dico<\/a><\/li>\n<li>\u00c0 prova de vazamentos para prote\u00e7\u00e3o m\u00e1xima<\/li>\n<li>Confort\u00e1vel e f\u00e1cil de usar.<\/li>\n<\/ul>","protected":false},"featured_media":4759,"template":"","meta":[],"product_brand":[],"product_cat":[578],"product_tag":[595],"class_list":{"0":"post-4754","1":"product","2":"type-product","3":"status-publish","4":"has-post-thumbnail","6":"product_cat-menstrual-cup","7":"product_tag-new-silicone-folding-menstrual-cup","9":"first","10":"instock","11":"shipping-taxable","12":"product-type-simple"},"_links":{"self":[{"href":"https:\/\/rysilicone.com\/pt\/wp-json\/wp\/v2\/product\/4754","targetHints":{"allow":["GET"]}}],"collection":[{"href":"https:\/\/rysilicone.com\/pt\/wp-json\/wp\/v2\/product"}],"about":[{"href":"https:\/\/rysilicone.com\/pt\/wp-json\/wp\/v2\/types\/product"}],"version-history":[{"count":0,"href":"https:\/\/rysilicone.com\/pt\/wp-json\/wp\/v2\/product\/4754\/revisions"}],"wp:featuredmedia":[{"embeddable":true,"href":"https:\/\/rysilicone.com\/pt\/wp-json\/wp\/v2\/media\/4759"}],"wp:attachment":[{"href":"https:\/\/rysilicone.com\/pt\/wp-json\/wp\/v2\/media?parent=4754"}],"wp:term":[{"taxonomy":"product_brand","embeddable":true,"href":"https:\/\/rysilicone.com\/pt\/wp-json\/wp\/v2\/product_brand?post=4754"},{"taxonomy":"product_cat","embeddable":true,"href":"https:\/\/rysilicone.com\/pt\/wp-json\/wp\/v2\/product_cat?post=4754"},{"taxonomy":"product_tag","embeddable":true,"href":"https:\/\/rysilicone.com\/pt\/wp-json\/wp\/v2\/product_tag?post=4754"}],"curies":[{"name":"wp","href":"https:\/\/api.w.org\/{rel}","templated":true}]}}