{"id":5436,"date":"2023-04-20T16:08:36","date_gmt":"2023-04-20T08:08:36","guid":{"rendered":"https:\/\/rysilicone.com\/?post_type=product&#038;p=5436"},"modified":"2023-04-20T16:11:35","modified_gmt":"2023-04-20T08:11:35","slug":"durable-silicone-spoon-and-fork-collection","status":"publish","type":"product","link":"https:\/\/rysilicone.com\/pt\/product\/durable-silicone-spoon-and-fork-collection\/","title":{"rendered":"Cole\u00e7\u00e3o dur\u00e1vel de colher e garfo de silicone"},"content":{"rendered":"<p>Descubra a solu\u00e7\u00e3o definitiva para as refei\u00e7\u00f5es com nossa cole\u00e7\u00e3o dur\u00e1vel de colheres e garfos de silicone. Feitos com materiais de alta qualidade e durabilidade, esses utens\u00edlios s\u00e3o resistentes ao desgaste, tornando-os adequados para o uso di\u00e1rio. Projetada pensando no crescimento do seu filho, esta cole\u00e7\u00e3o garante que seu filho tenha utens\u00edlios confi\u00e1veis por muitos anos.<\/p>","protected":false},"excerpt":{"rendered":"<ul>\n<li>Materiais de alta qualidade e durabilidade<\/li>\n<li>Resistente ao desgaste<\/li>\n<li>Adequado para uso di\u00e1rio<\/li>\n<li>Projetado para crian\u00e7as em crescimento<\/li>\n<\/ul>","protected":false},"featured_media":5438,"template":"","meta":[],"product_brand":[],"product_cat":[700],"product_tag":[704],"class_list":{"0":"post-5436","1":"product","2":"type-product","3":"status-publish","4":"has-post-thumbnail","6":"product_cat-silicone-spoon-and-fork","7":"product_tag-durable-silicone-spoon-and-fork-collection","9":"first","10":"instock","11":"shipping-taxable","12":"product-type-simple"},"_links":{"self":[{"href":"https:\/\/rysilicone.com\/pt\/wp-json\/wp\/v2\/product\/5436","targetHints":{"allow":["GET"]}}],"collection":[{"href":"https:\/\/rysilicone.com\/pt\/wp-json\/wp\/v2\/product"}],"about":[{"href":"https:\/\/rysilicone.com\/pt\/wp-json\/wp\/v2\/types\/product"}],"version-history":[{"count":0,"href":"https:\/\/rysilicone.com\/pt\/wp-json\/wp\/v2\/product\/5436\/revisions"}],"wp:featuredmedia":[{"embeddable":true,"href":"https:\/\/rysilicone.com\/pt\/wp-json\/wp\/v2\/media\/5438"}],"wp:attachment":[{"href":"https:\/\/rysilicone.com\/pt\/wp-json\/wp\/v2\/media?parent=5436"}],"wp:term":[{"taxonomy":"product_brand","embeddable":true,"href":"https:\/\/rysilicone.com\/pt\/wp-json\/wp\/v2\/product_brand?post=5436"},{"taxonomy":"product_cat","embeddable":true,"href":"https:\/\/rysilicone.com\/pt\/wp-json\/wp\/v2\/product_cat?post=5436"},{"taxonomy":"product_tag","embeddable":true,"href":"https:\/\/rysilicone.com\/pt\/wp-json\/wp\/v2\/product_tag?post=5436"}],"curies":[{"name":"wp","href":"https:\/\/api.w.org\/{rel}","templated":true}]}}