{"id":2920,"date":"2023-02-13T16:34:55","date_gmt":"2023-02-13T08:34:55","guid":{"rendered":"https:\/\/rysilicone.com\/?post_type=product&#038;p=2920"},"modified":"2023-03-29T11:52:04","modified_gmt":"2023-03-29T03:52:04","slug":"round-silicone-cake-mold","status":"publish","type":"product","link":"https:\/\/rysilicone.com\/vi\/product\/round-silicone-cake-mold\/","title":{"rendered":"Khu\u00f4n b\u00e1nh silicone tr\u00f2n"},"content":{"rendered":"<p>T\u1ea1o nh\u1eefng chi\u1ebfc b\u00e1nh v\u00e0 m\u00f3n n\u01b0\u1edbng tr\u00f2n c\u00f3 h\u00ecnh d\u1ea1ng ho\u00e0n h\u1ea3o v\u1edbi Khu\u00f4n b\u00e1nh silicon tr\u00f2n n\u00e0y. \u0110\u01b0\u1ee3c l\u00e0m b\u1eb1ng silicone c\u1ea5p th\u1ef1c ph\u1ea9m, khu\u00f4n n\u00e0y linh ho\u1ea1t v\u00e0 kh\u00f4ng d\u00ednh, \u0111\u1ea3m b\u1ea3o r\u1eb1ng c\u00e1c m\u00f3n n\u01b0\u1edbng c\u1ee7a b\u1ea1n lu\u00f4n c\u00f3 h\u00ecnh d\u1ea1ng ho\u00e0n h\u1ea3o. D\u1ec5 s\u1eed d\u1ee5ng v\u00e0 l\u00e0m s\u1ea1ch, khu\u00f4n n\u00e0y ho\u00e0n h\u1ea3o \u0111\u1ec3 l\u00e0m b\u00e1nh ng\u1ecdt, b\u00e1nh m\u00ec, v.v. cho nh\u1eefng d\u1ecbp \u0111\u1eb7c bi\u1ec7t ho\u1eb7c n\u01b0\u1edbng b\u00e1nh h\u00e0ng ng\u00e0y.<\/p>","protected":false},"excerpt":{"rendered":"<ul>\n<li>T\u1ea1o b\u00e1nh tr\u00f2n v\u00e0 \u0111\u1ed3 n\u01b0\u1edbng<\/li>\n<li>\u0110\u01b0\u1ee3c l\u00e0m b\u1eb1ng silicone c\u1ea5p th\u1ef1c ph\u1ea9m<\/li>\n<li>R\u1ea5t d\u1ec5 s\u1eed d\u1ee5ng v\u00e0 l\u00e0m s\u1ea1ch<\/li>\n<\/ul>","protected":false},"featured_media":2922,"template":"","meta":[],"product_brand":[],"product_cat":[35],"product_tag":[298],"class_list":{"0":"post-2920","1":"product","2":"type-product","3":"status-publish","4":"has-post-thumbnail","6":"product_cat-silicone-molds","7":"product_tag-round-silicone-cake-mold","9":"first","10":"instock","11":"shipping-taxable","12":"product-type-simple"},"_links":{"self":[{"href":"https:\/\/rysilicone.com\/vi\/wp-json\/wp\/v2\/product\/2920","targetHints":{"allow":["GET"]}}],"collection":[{"href":"https:\/\/rysilicone.com\/vi\/wp-json\/wp\/v2\/product"}],"about":[{"href":"https:\/\/rysilicone.com\/vi\/wp-json\/wp\/v2\/types\/product"}],"version-history":[{"count":0,"href":"https:\/\/rysilicone.com\/vi\/wp-json\/wp\/v2\/product\/2920\/revisions"}],"wp:featuredmedia":[{"embeddable":true,"href":"https:\/\/rysilicone.com\/vi\/wp-json\/wp\/v2\/media\/2922"}],"wp:attachment":[{"href":"https:\/\/rysilicone.com\/vi\/wp-json\/wp\/v2\/media?parent=2920"}],"wp:term":[{"taxonomy":"product_brand","embeddable":true,"href":"https:\/\/rysilicone.com\/vi\/wp-json\/wp\/v2\/product_brand?post=2920"},{"taxonomy":"product_cat","embeddable":true,"href":"https:\/\/rysilicone.com\/vi\/wp-json\/wp\/v2\/product_cat?post=2920"},{"taxonomy":"product_tag","embeddable":true,"href":"https:\/\/rysilicone.com\/vi\/wp-json\/wp\/v2\/product_tag?post=2920"}],"curies":[{"name":"wp","href":"https:\/\/api.w.org\/{rel}","templated":true}]}}